{"id":1306,"date":"2014-02-24T11:48:48","date_gmt":"2014-02-24T10:48:48","guid":{"rendered":"http:\/\/www.bridge4mobility.com\/?page_id=1306"},"modified":"2015-09-15T15:50:26","modified_gmt":"2015-09-15T14:50:26","slug":"coaching-integracion","status":"publish","type":"page","link":"https:\/\/www.bridge4mobility.com\/es\/coaching-integracion\/","title":{"rendered":"Coaching e Integraci\u00f3n"},"content":{"rendered":"<div style=\"margin-top: 20px;\"><\/div>\n<h1 style=\"font-weight: bold;\">Coaching socio-cultural<\/h1>\n<h2 style=\"margin-top: 0px; color: #666;\">&#8230; Es la clave para que la integraci\u00f3n en la sociedad alemana sea m\u00e1s f\u00e1cil &#8211; Esta es la misi\u00f3n principal de B4M.<\/h2>\n<div style=\"margin-top: 10px;\"><\/div>\n<p><img loading=\"lazy\" class=\"alignleft size-full wp-image-968\" alt=\"Coaching-400\" src=\"\/wp-content\/uploads\/Coaching-400.jpg\" width=\"400\" height=\"269\" style=\"margin-right:30px;\" srcset=\"https:\/\/www.bridge4mobility.com\/wp-content\/uploads\/Coaching-400.jpg 400w, https:\/\/www.bridge4mobility.com\/wp-content\/uploads\/Coaching-400-300x201.jpg 300w, https:\/\/www.bridge4mobility.com\/wp-content\/uploads\/Coaching-400@2x.jpg 800w\" sizes=\"(max-width: 400px) 100vw, 400px\" \/><\/p>\n<h2 style=\"margin-top: 0px; color: #a5c34d;\"><strong>Encontrar el equilibrio entre las condiciones de trabajo y las expectativas de los candidatos!<\/strong><\/h2>\n<div style=\"text-align: justify;\">Cada uno de los candidatos tiene creadas unas expectativas con respecto a su integraci\u00f3n en la vida laboral y social en Alemania. Nuestro objetivo es ayudarles a integrarse en su nuevo entorno de trabajo y vida social. B4M se asegura de que los candidatos est\u00e9n bien preparados para que puedan empezar con buenas expectativas su nueva vida en Alemania.<\/p>\n<p>El coaching es parte del curso de alem\u00e1n en el nivel B1. Preparamos a los candidatos con ejemplos pr\u00e1cticos de lo que se van a encontrar en su vida diaria. Comparamos ambas mentalidades y formas de pensar. Les ayudamos a integrarse incluso despu\u00e9s de que hayan empezado a trabajar.<\/p><\/div>\n<div style=\"clear:both; padding-top: 30px;\">&nbsp;<\/div>\n<h1 style=\"font-weight: bold;\">Ayuda a la integraci\u00f3n<\/h1>\n<h2 style=\"margin-top: 0px; color: #666;\">&#8230; Lo haremos juntos!<\/h2>\n<div style=\"margin-top: 10px;\"><\/div>\n<p><img loading=\"lazy\" class=\"alignleft size-full wp-image-985\" alt=\"Relocation-400\" src=\"\/wp-content\/uploads\/Relocation-400.jpg\" width=\"400\" height=\"267\" style=\"margin-right:30px;\" srcset=\"https:\/\/www.bridge4mobility.com\/wp-content\/uploads\/Relocation-400.jpg 400w, https:\/\/www.bridge4mobility.com\/wp-content\/uploads\/Relocation-400-300x200.jpg 300w, https:\/\/www.bridge4mobility.com\/wp-content\/uploads\/Relocation-400@2x.jpg 800w\" sizes=\"(max-width: 400px) 100vw, 400px\" \/><\/p>\n<h2 style=\"margin-top: 0px; color: #a5c34d;\"><strong>Integraci\u00f3n significa: &#8220;Ser bienvenido. Tener un piso. Tener trabajo y papeles en regla. Tener una persona de contacto&#8221;.<\/strong><\/h2>\n<div style=\"text-align: justify; margin-bottom: 40px;\">Seg\u00fan algunas de las encuestas realizadas en Alemania, muchos espa\u00f1oles que ya est\u00e1n trabajando en el pa\u00eds quieren seguir haci\u00e9ndolo durante muchos a\u00f1os, motivados por el equilibrio entre trabajo y ocio, el alto nivel de vida y la calidad del sistema sanitario entre otras razones.<\/p>\n<p>Hablamos con las empresas para que se comprometan a ayudar a los profesionales espa\u00f1oles reci\u00e9n llegados y as\u00ed se sientan bienvenidos.<\/p>\n<p>Los consejos sobre donde ir de tiendas, el transporte p\u00fablico, cursos de idiomas subvencionados, gestiones bancarias, de impuestos o seguridad social, adem\u00e1s de actividades culturales y de ocio, hacen que la integraci\u00f3n sea mucho m\u00e1s f\u00e1cil.<\/p><\/div>\n<div style=\"clear:both; padding: 10px 0px 20px 60px;\">\n<blockquote class=\"pullquote\" style=\"text-align: justify;\">\n<p style=\"padding: 0 64px !important;\">\u201cEl curso de idiomas en Espa\u00f1a era genial, me hubiera gustado que durara m\u00e1s!\u201d <em style=\"font-size: 12px; color: #a5c34d;\">Joan (22), Aprendiz en Hessen<\/em> &#8211; \u201cNos han conseguido pisos compartidos amueblados para las pr\u00e1cticas, realmente genial!\u201d <em style=\"font-size: 12px; color: #a5c34d;\">Carlos (21), Aprendiz  en  Hessen<\/em> &#8211; \u201cMi jefe me habl\u00f3 sobre mi futuro en la empresa una vez terminara el periodo de formaci\u00f3n!\u201d <em style=\"font-size: 12px; color: #a5c34d;\">Marta (19), Aprendiz en Hessen<\/em><\/p>\n<\/blockquote>\n<\/div>\n","protected":false},"excerpt":{"rendered":"<p>Coaching socio-cultural &#8230; Es la clave para que la integraci\u00f3n en la sociedad alemana sea m\u00e1s f\u00e1cil &#8211; Esta es la misi\u00f3n principal de B4M. Encontrar el equilibrio entre las condiciones de trabajo y las expectativas de los candidatos! Cada uno de los candidatos tiene creadas unas expectativas con respecto a su integraci\u00f3n en la<\/p>\n","protected":false},"author":10,"featured_media":0,"parent":0,"menu_order":0,"comment_status":"closed","ping_status":"closed","template":"","meta":[],"yoast_head":"<!-- This site is optimized with the Yoast SEO plugin v19.13 - https:\/\/yoast.com\/wordpress\/plugins\/seo\/ -->\n<title>Coaching e Integraci\u00f3n - Bridge4Mobility<\/title>\n<meta name=\"robots\" content=\"index, follow, max-snippet:-1, max-image-preview:large, max-video-preview:-1\" \/>\n<link rel=\"canonical\" href=\"https:\/\/www.bridge4mobility.com\/es\/coaching-integracion\/\" \/>\n<meta property=\"og:locale\" content=\"es_ES\" \/>\n<meta property=\"og:type\" content=\"article\" \/>\n<meta property=\"og:title\" content=\"Coaching e Integraci\u00f3n - Bridge4Mobility\" \/>\n<meta property=\"og:description\" content=\"Coaching socio-cultural &#8230; Es la clave para que la integraci\u00f3n en la sociedad alemana sea m\u00e1s f\u00e1cil &#8211; Esta es la misi\u00f3n principal de B4M. Encontrar el equilibrio entre las condiciones de trabajo y las expectativas de los candidatos! Cada uno de los candidatos tiene creadas unas expectativas con respecto a su integraci\u00f3n en la\" \/>\n<meta property=\"og:url\" content=\"https:\/\/www.bridge4mobility.com\/es\/coaching-integracion\/\" \/>\n<meta property=\"og:site_name\" content=\"Bridge4Mobility\" \/>\n<meta property=\"article:modified_time\" content=\"2015-09-15T14:50:26+00:00\" \/>\n<meta name=\"twitter:label1\" content=\"Tiempo de lectura\" \/>\n\t<meta name=\"twitter:data1\" content=\"2 minutos\" \/>\n<script type=\"application\/ld+json\" class=\"yoast-schema-graph\">{\"@context\":\"https:\/\/schema.org\",\"@graph\":[{\"@type\":\"WebPage\",\"@id\":\"https:\/\/www.bridge4mobility.com\/es\/coaching-integracion\/\",\"url\":\"https:\/\/www.bridge4mobility.com\/es\/coaching-integracion\/\",\"name\":\"Coaching e Integraci\u00f3n - Bridge4Mobility\",\"isPartOf\":{\"@id\":\"https:\/\/www.bridge4mobility.com\/de\/#website\"},\"datePublished\":\"2014-02-24T10:48:48+00:00\",\"dateModified\":\"2015-09-15T14:50:26+00:00\",\"breadcrumb\":{\"@id\":\"https:\/\/www.bridge4mobility.com\/es\/coaching-integracion\/#breadcrumb\"},\"inLanguage\":\"es\",\"potentialAction\":[{\"@type\":\"ReadAction\",\"target\":[\"https:\/\/www.bridge4mobility.com\/es\/coaching-integracion\/\"]}]},{\"@type\":\"BreadcrumbList\",\"@id\":\"https:\/\/www.bridge4mobility.com\/es\/coaching-integracion\/#breadcrumb\",\"itemListElement\":[{\"@type\":\"ListItem\",\"position\":1,\"name\":\"Home\",\"item\":\"https:\/\/www.bridge4mobility.com\/es\/\"},{\"@type\":\"ListItem\",\"position\":2,\"name\":\"Coaching e Integraci\u00f3n\"}]},{\"@type\":\"WebSite\",\"@id\":\"https:\/\/www.bridge4mobility.com\/de\/#website\",\"url\":\"https:\/\/www.bridge4mobility.com\/de\/\",\"name\":\"Bridge4Mobility\",\"description\":\"Qualifizierte Fachkr\u00e4fte aus Spanien\",\"potentialAction\":[{\"@type\":\"SearchAction\",\"target\":{\"@type\":\"EntryPoint\",\"urlTemplate\":\"https:\/\/www.bridge4mobility.com\/de\/?s={search_term_string}\"},\"query-input\":\"required name=search_term_string\"}],\"inLanguage\":\"es\"}]}<\/script>\n<!-- \/ Yoast SEO plugin. -->","yoast_head_json":{"title":"Coaching e Integraci\u00f3n - Bridge4Mobility","robots":{"index":"index","follow":"follow","max-snippet":"max-snippet:-1","max-image-preview":"max-image-preview:large","max-video-preview":"max-video-preview:-1"},"canonical":"https:\/\/www.bridge4mobility.com\/es\/coaching-integracion\/","og_locale":"es_ES","og_type":"article","og_title":"Coaching e Integraci\u00f3n - Bridge4Mobility","og_description":"Coaching socio-cultural &#8230; Es la clave para que la integraci\u00f3n en la sociedad alemana sea m\u00e1s f\u00e1cil &#8211; Esta es la misi\u00f3n principal de B4M. Encontrar el equilibrio entre las condiciones de trabajo y las expectativas de los candidatos! Cada uno de los candidatos tiene creadas unas expectativas con respecto a su integraci\u00f3n en la","og_url":"https:\/\/www.bridge4mobility.com\/es\/coaching-integracion\/","og_site_name":"Bridge4Mobility","article_modified_time":"2015-09-15T14:50:26+00:00","twitter_misc":{"Tiempo de lectura":"2 minutos"},"schema":{"@context":"https:\/\/schema.org","@graph":[{"@type":"WebPage","@id":"https:\/\/www.bridge4mobility.com\/es\/coaching-integracion\/","url":"https:\/\/www.bridge4mobility.com\/es\/coaching-integracion\/","name":"Coaching e Integraci\u00f3n - Bridge4Mobility","isPartOf":{"@id":"https:\/\/www.bridge4mobility.com\/de\/#website"},"datePublished":"2014-02-24T10:48:48+00:00","dateModified":"2015-09-15T14:50:26+00:00","breadcrumb":{"@id":"https:\/\/www.bridge4mobility.com\/es\/coaching-integracion\/#breadcrumb"},"inLanguage":"es","potentialAction":[{"@type":"ReadAction","target":["https:\/\/www.bridge4mobility.com\/es\/coaching-integracion\/"]}]},{"@type":"BreadcrumbList","@id":"https:\/\/www.bridge4mobility.com\/es\/coaching-integracion\/#breadcrumb","itemListElement":[{"@type":"ListItem","position":1,"name":"Home","item":"https:\/\/www.bridge4mobility.com\/es\/"},{"@type":"ListItem","position":2,"name":"Coaching e Integraci\u00f3n"}]},{"@type":"WebSite","@id":"https:\/\/www.bridge4mobility.com\/de\/#website","url":"https:\/\/www.bridge4mobility.com\/de\/","name":"Bridge4Mobility","description":"Qualifizierte Fachkr\u00e4fte aus Spanien","potentialAction":[{"@type":"SearchAction","target":{"@type":"EntryPoint","urlTemplate":"https:\/\/www.bridge4mobility.com\/de\/?s={search_term_string}"},"query-input":"required name=search_term_string"}],"inLanguage":"es"}]}},"_links":{"self":[{"href":"https:\/\/www.bridge4mobility.com\/es\/wp-json\/wp\/v2\/pages\/1306"}],"collection":[{"href":"https:\/\/www.bridge4mobility.com\/es\/wp-json\/wp\/v2\/pages"}],"about":[{"href":"https:\/\/www.bridge4mobility.com\/es\/wp-json\/wp\/v2\/types\/page"}],"author":[{"embeddable":true,"href":"https:\/\/www.bridge4mobility.com\/es\/wp-json\/wp\/v2\/users\/10"}],"replies":[{"embeddable":true,"href":"https:\/\/www.bridge4mobility.com\/es\/wp-json\/wp\/v2\/comments?post=1306"}],"version-history":[{"count":0,"href":"https:\/\/www.bridge4mobility.com\/es\/wp-json\/wp\/v2\/pages\/1306\/revisions"}],"wp:attachment":[{"href":"https:\/\/www.bridge4mobility.com\/es\/wp-json\/wp\/v2\/media?parent=1306"}],"curies":[{"name":"wp","href":"https:\/\/api.w.org\/{rel}","templated":true}]}}