{"id":1304,"date":"2014-02-24T11:48:11","date_gmt":"2014-02-24T10:48:11","guid":{"rendered":"http:\/\/www.bridge4mobility.com\/?page_id=1304"},"modified":"2023-06-23T09:48:46","modified_gmt":"2023-06-23T07:48:46","slug":"cursos-de-aleman","status":"publish","type":"page","link":"https:\/\/www.bridge4mobility.com\/es\/cursos-de-aleman\/","title":{"rendered":"Cursos de alem\u00e1n"},"content":{"rendered":"<div style=\"margin-top: 20px;\"><\/div>\n<h1 style=\"font-weight: bold;\">Cursos de alem\u00e1n m\u00e1s que EFICIENTES<\/h1>\n<h2 style=\"margin-top: 0px; color: #666;\">Para trabajar en Alemania has de saber alem\u00e1n. El lema de B4M es: antes el contrato laboral, luego el curso de alem\u00e1n.<\/h2>\n<div class=\"one_half \">\n<p style=\"text-align: justify;\">Adem\u00e1s, proporcionamos todos los cursos a precio de coste, o bien total- o parcialmente subvencionados. Es decir: para conseguir un nivel B1 de alem\u00e1n hace falta un curso intensivo de por lo menos 400 horas (en ciertos casos 500 horas &#8211; depende de la profesi\u00f3n). Y para trabajar o comenzar una FP Dual en Alemania necesitas ese nivel B1. As\u00ed que tenemos un objetivo com\u00fan: queremos que est\u00e9s preparado y comiences a trabajar lo antes posible. Pero antes de invertir tu tiempo y\/o dinero (ahora te explicamos esto) en aprender alem\u00e1n, consideramos que la empresa alemana se tiene que comprometer como m\u00ednimo con un contrato laboral indefinido o contrato de FP Dual de 3 a\u00f1os, siempre y cuando superes los periodos de prueba. Evidentemente intentamos que la empresa tambi\u00e9n subvencione el coste de ese curso &#8211; aunque eso depende de la empresa, el puesto y las cualidades del candidato, siendo generalmente una excepci\u00f3n. Luego vemos si hay alguna posibilidad de que obtengas subvenciones p\u00fablicas para el curso.<\/p>\n<\/div>\n<div class=\"one_half last\">\n<p style=\"text-align: justify;\">Eso depende de algunos factores concretos &#8211; resumiendo, podemos decir que si eres joven y\/o perteneces a un colectivo profesional determinado, puede que haya buenas posibilidades. Lo que funciona sin falta: siempre te ofrecemos el curso a <strong>precio de coste<\/strong>. El negocio de B4M no es la formaci\u00f3n, y gracias a uno de nuestros socios podemos ofrecerte esta soluci\u00f3n. Adem\u00e1s, podemos financiarte el importe con un a\u00f1o de carencia a trav\u00e9s del <strong>Banc Sabadell<\/strong> &#8211; la instituci\u00f3n financiera colaboradora de B4M. La \u00fanica garant\u00eda que te piden es el pre-contrato laboral o de FP Dual, que de por s\u00ed exigimos a las empresas de antemano.<\/p>\n<p><b>As\u00ed que: aprender\u00e1s alem\u00e1n DE TODAS FORMAS, y r\u00e1pido. Al finalizar el curso, har\u00e1s un examen que te proporcionar\u00e1 el nivel B1 de alem\u00e1n, reconocido siempre y cuando realices el curso con rigor y compromiso.<\/b><\/p>\n<\/div><div class=\"fix\"><\/div>\n<div style=\"margin-top: 40px;\"><\/div>\n<h1 style=\"font-weight: bold;\">Centro de formaci\u00f3n y certificado B1<\/h1>\n<h2 style=\"margin-top: 0px; color: #666;\">Consigue RESULTADOS para empezar con buen pie en Alemania.<\/h2>\n<p>&nbsp;<\/p>\n<p style=\"text-align: justify;\"><strong>Training Tutor<\/strong>, uno de los socios de <strong>B4M<\/strong>, se hace cargo de los cursos de alem\u00e1n en Espa\u00f1a. Todos nuestros cursos incluyen aspectos socio-culturales y Coaching para facilitar la integraci\u00f3n; m\u00e1s informaci\u00f3n: <a href=\"\/es\/coaching-integracion\/\" target=\"_blank\" rel=\"noopener\">COACHING &amp; INTEGRACI\u00d3N<\/a>. Normalmente y para la mayor\u00eda de profesiones y proyectos de B4M, un nivel B1 es la base que se exige. En caso de tener que acreditar un nivel B2 o mayor para trabajar en Alemania (p.ej. en el sector sanitario, de educaci\u00f3n infantil o para estudios duales con acceso a universidades alemanas), B4M colabora con escuelas asociadas en Alemania, ya que a partir del nivel B1 se recomienda el aprendizaje en el mismo pa\u00eds de destino para obtener el resultado deseado.<\/p>\n<div style=\"margin-top: 40px;\"><\/div>\n<h1 style=\"font-weight: bold;\">Marco Com\u00fan Europeo de Referencia para las Lenguas<\/h1>\n<h2 style=\"margin-top: 0px; color: #666;\">Los niveles de conocimiento del idioma, seg\u00fan las directrices del &#8220;Marco Com\u00fan Europeo de Referencia para las Lenguas (Consejo de la Comunidad Europea)&#8221;, son los siguientes:<\/h2>\n<div style=\"margin-top: 10px;\">\n<p><img loading=\"lazy\" class=\"alignleft size-full wp-image-768\" src=\"\/wp-content\/uploads\/48_info_icon.png\" alt=\"48_info_icon\" width=\"28\" height=\"28\" \/><\/p>\n<p style=\"text-align: justify;\">Las cantidad de unidades lectivas de 45 minutos (<strong>UL<\/strong>) que aparecen en la siguiente tabla es la recomendada por el <strong>Goethe-Institut<\/strong> para cada nivel.<\/p>\n<\/div>\n<div style=\"margin-top: 30px;\"><\/div>\n\n<table id=\"tablepress-3\" class=\"tablepress tablepress-id-3\">\n<thead>\n<tr class=\"row-1 odd\">\n\t<th class=\"column-1\">Competencias<\/th><th class=\"column-2\">Nivel<\/th><th class=\"column-3\">Descripci\u00f3n<\/th>\n<\/tr>\n<\/thead>\n<tbody>\n<tr class=\"row-2 even\">\n\t<td rowspan=\"2\" class=\"column-1\"><strong>Usuario b\u00e1sico<\/strong><br \/><br \/>\n<strong>A1<\/strong> \u2192 80-200 UL<br \/>\n<strong>A2<\/strong> \u2192 200-350 UL<br \/><br \/>\n<em>1 unidad lectiva (UL) = 45 minutos<\/em><\/td><td class=\"column-2\"><center><strong>A1<\/strong><\/center><\/td><td class=\"column-3\"><p style=\"text-align: justify;\">Es capaz de comprender y utilizar expresiones cotidianas de uso muy frecuente as\u00ed como frases sencillas destinadas a satisfacer necesidades de tipo inmediato. Puede presentarse a s\u00ed mismo y a otros, pedir y dar informaci\u00f3n personal b\u00e1sica sobre su domicilio, sus pertenencias y las personas que conoce. Puede relacionarse de forma elemental siempre que su interlocutor hable despacio y con claridad y est\u00e9 dispuesto a cooperar.<\/p><\/td>\n<\/tr>\n<tr class=\"row-3 odd\">\n\t<td class=\"column-2\"><center><strong>A2<\/strong><\/center><\/td><td class=\"column-3\"><p style=\"text-align: justify;\">Es capaz de comprender frases y expresiones de uso frecuente relacionadas con \u00e1reas de experiencia que le son especialmente relevantes (informaci\u00f3n b\u00e1sica sobre s\u00ed mismo y su familia, compras, lugares de inter\u00e9s, ocupaciones, etc.) Sabe comunicarse a la hora de llevar a cabo tareas simples y cotidianas que no requieran m\u00e1s que intercambios sencillos y directos de informaci\u00f3n sobre cuestiones que le son conocidas o habituales. Sabe describir en t\u00e9rminos sencillos aspectos de su pasado y su entorno as\u00ed como cuestiones relacionadas con sus necesidades inmediatas.<\/p><\/td>\n<\/tr>\n<tr class=\"row-4 even\">\n\t<td rowspan=\"2\" class=\"column-1\"><strong>Usuario independiente<\/strong><br \/><br \/>\n<strong>B1<\/strong> \u2192 350-650 UL<br \/>\n<strong>B2<\/strong> \u2192 600-800 UL<br \/><br \/>\n<em>1 unidad lectiva (UL) = 45 minutos<\/em><\/td><td class=\"column-2\"><center><strong>B1<\/strong><\/center><\/td><td class=\"column-3\"><p style=\"text-align: justify;\">Es capaz de comprender los puntos principales de textos claros y en lengua est\u00e1ndar si tratan sobre cuestiones que le son conocidas, ya sea en situaciones de trabajo, de estudio o de ocio. Sabe desenvolverse en la mayor parte de las situaciones que pueden surgir durante un viaje por zonas donde se utiliza la lengua. Es capaz de producir textos sencillos y coherentes sobre temas que le son familiares o en los que tiene un inter\u00e9s personal. Puede describir experiencias, acontecimientos, deseos y aspiraciones, as\u00ed como justificar brevemente sus opiniones o explicar sus planes.<\/p><\/td>\n<\/tr>\n<tr class=\"row-5 odd\">\n\t<td class=\"column-2\"><center><strong>B2<\/strong><\/center><\/td><td class=\"column-3\"><p style=\"text-align: justify;\">Es capaz de entender las ideas principales de textos complejos que traten de temas tanto concretos como abstractos, incluso si son de car\u00e1cter t\u00e9cnico siempre que est\u00e9n dentro de su campo de especializaci\u00f3n. Puede relacionarse con hablantes nativos con un grado suficiente de fluidez y naturalidad de modo que la comunicaci\u00f3n se realice sin esfuerzo por parte de ninguno de los interlocutores. Puede producir textos claros y detallados sobre temas diversos as\u00ed como defender un punto de vista sobre temas generales indicando los pros y los contras de las distintas opciones.<\/p><\/td>\n<\/tr>\n<tr class=\"row-6 even\">\n\t<td rowspan=\"2\" class=\"column-1\"><strong>Usuario competente<\/strong><br \/><br \/>\n<strong>C1<\/strong> \u2192 800-1000 UL<br \/>\n<strong>C2<\/strong> \u2192 min. 1000 UL<br \/><br \/>\n<em>1 unidad lectiva (UL) = 45 minutos<\/em><\/td><td class=\"column-2\"><center><strong>C1<\/strong><\/center><\/td><td class=\"column-3\"><p style=\"text-align: justify;\">Es capaz de comprender una amplia variedad de textos extensos y con cierto nivel de exigencia, as\u00ed como reconocer en ellos sentidos impl\u00edcitos. Sabe expresarse de forma fluida y espont\u00e1nea sin muestras muy evidentes de esfuerzo para encontrar la expresi\u00f3n adecuada. Puede hacer un uso flexible y efectivo del idioma para fines sociales, acad\u00e9micos y profesionales. Puede producir textos claros, bien estructurados y detallados sobre temas de cierta complejidad, mostrando un uso correcto de los mecanismos de organizaci\u00f3n, articulaci\u00f3n y cohesi\u00f3n del texto.<\/p><\/td>\n<\/tr>\n<tr class=\"row-7 odd\">\n\t<td class=\"column-2\"><center><strong>C2<\/strong><\/center><\/td><td class=\"column-3\"><p style=\"text-align: justify;\">Es capaz de comprender con facilidad pr\u00e1cticamente todo lo que oye o lee. Sabe reconstruir la informaci\u00f3n y los argumentos procedentes de diversas fuentes, ya sean en lengua hablada o escrita, y presentarlos de manera coherente y resumida. Puede expresarse espont\u00e1neamente, con gran fluidez y con un grado de precisi\u00f3n que le permite diferenciar peque\u00f1os matices de significado incluso en situaciones de mayor complejidad.<\/p><\/td>\n<\/tr>\n<\/tbody>\n<\/table>\n<!-- #tablepress-3 from cache -->\n<div style=\"text-align: right; margin-top: 60px; margin-bottom: 20px;\"><span style=\"padding-right: 20px;\"><strong>Seguir leyendo:<\/strong><\/span><a class=\"s-button medium s-green\" href=\"\/coaching-integracion\/\" target=\"\"><b>COACHING &amp; INTEGRACI\u00d3N<span style=\"padding-left: 15px;\">\u2192<\/span><\/b><\/a><\/div>\n","protected":false},"excerpt":{"rendered":"<p>Cursos de alem\u00e1n m\u00e1s que EFICIENTES Para trabajar en Alemania has de saber alem\u00e1n. El lema de B4M es: antes el contrato laboral, luego el curso de alem\u00e1n. Centro de formaci\u00f3n y certificado B1 Consigue RESULTADOS para empezar con buen pie en Alemania. &nbsp; Training Tutor, uno de los socios de B4M, se hace cargo<\/p>\n","protected":false},"author":10,"featured_media":0,"parent":0,"menu_order":0,"comment_status":"closed","ping_status":"closed","template":"","meta":[],"yoast_head":"<!-- This site is optimized with the Yoast SEO plugin v19.13 - https:\/\/yoast.com\/wordpress\/plugins\/seo\/ -->\n<title>Cursos de alem\u00e1n - Bridge4Mobility<\/title>\n<meta name=\"robots\" content=\"noindex, nofollow\" \/>\n<meta property=\"og:locale\" content=\"es_ES\" \/>\n<meta property=\"og:type\" content=\"article\" \/>\n<meta property=\"og:title\" content=\"Cursos de alem\u00e1n - Bridge4Mobility\" \/>\n<meta property=\"og:description\" content=\"Cursos de alem\u00e1n m\u00e1s que EFICIENTES Para trabajar en Alemania has de saber alem\u00e1n. El lema de B4M es: antes el contrato laboral, luego el curso de alem\u00e1n. Centro de formaci\u00f3n y certificado B1 Consigue RESULTADOS para empezar con buen pie en Alemania. &nbsp; Training Tutor, uno de los socios de B4M, se hace cargo\" \/>\n<meta property=\"og:url\" content=\"https:\/\/www.bridge4mobility.com\/es\/cursos-de-aleman\/\" \/>\n<meta property=\"og:site_name\" content=\"Bridge4Mobility\" \/>\n<meta property=\"article:modified_time\" content=\"2023-06-23T07:48:46+00:00\" \/>\n<meta name=\"twitter:label1\" content=\"Tiempo de lectura\" \/>\n\t<meta name=\"twitter:data1\" content=\"4 minutos\" \/>\n<script type=\"application\/ld+json\" class=\"yoast-schema-graph\">{\"@context\":\"https:\/\/schema.org\",\"@graph\":[{\"@type\":\"WebPage\",\"@id\":\"https:\/\/www.bridge4mobility.com\/es\/cursos-de-aleman\/\",\"url\":\"https:\/\/www.bridge4mobility.com\/es\/cursos-de-aleman\/\",\"name\":\"Cursos de alem\u00e1n - Bridge4Mobility\",\"isPartOf\":{\"@id\":\"https:\/\/www.bridge4mobility.com\/de\/#website\"},\"datePublished\":\"2014-02-24T10:48:11+00:00\",\"dateModified\":\"2023-06-23T07:48:46+00:00\",\"breadcrumb\":{\"@id\":\"https:\/\/www.bridge4mobility.com\/es\/cursos-de-aleman\/#breadcrumb\"},\"inLanguage\":\"es\",\"potentialAction\":[{\"@type\":\"ReadAction\",\"target\":[\"https:\/\/www.bridge4mobility.com\/es\/cursos-de-aleman\/\"]}]},{\"@type\":\"BreadcrumbList\",\"@id\":\"https:\/\/www.bridge4mobility.com\/es\/cursos-de-aleman\/#breadcrumb\",\"itemListElement\":[{\"@type\":\"ListItem\",\"position\":1,\"name\":\"Home\",\"item\":\"https:\/\/www.bridge4mobility.com\/es\/\"},{\"@type\":\"ListItem\",\"position\":2,\"name\":\"Cursos de alem\u00e1n\"}]},{\"@type\":\"WebSite\",\"@id\":\"https:\/\/www.bridge4mobility.com\/de\/#website\",\"url\":\"https:\/\/www.bridge4mobility.com\/de\/\",\"name\":\"Bridge4Mobility\",\"description\":\"Qualifizierte Fachkr\u00e4fte aus Spanien\",\"potentialAction\":[{\"@type\":\"SearchAction\",\"target\":{\"@type\":\"EntryPoint\",\"urlTemplate\":\"https:\/\/www.bridge4mobility.com\/de\/?s={search_term_string}\"},\"query-input\":\"required name=search_term_string\"}],\"inLanguage\":\"es\"}]}<\/script>\n<!-- \/ Yoast SEO plugin. -->","yoast_head_json":{"title":"Cursos de alem\u00e1n - Bridge4Mobility","robots":{"index":"noindex","follow":"nofollow"},"og_locale":"es_ES","og_type":"article","og_title":"Cursos de alem\u00e1n - Bridge4Mobility","og_description":"Cursos de alem\u00e1n m\u00e1s que EFICIENTES Para trabajar en Alemania has de saber alem\u00e1n. El lema de B4M es: antes el contrato laboral, luego el curso de alem\u00e1n. Centro de formaci\u00f3n y certificado B1 Consigue RESULTADOS para empezar con buen pie en Alemania. &nbsp; Training Tutor, uno de los socios de B4M, se hace cargo","og_url":"https:\/\/www.bridge4mobility.com\/es\/cursos-de-aleman\/","og_site_name":"Bridge4Mobility","article_modified_time":"2023-06-23T07:48:46+00:00","twitter_misc":{"Tiempo de lectura":"4 minutos"},"schema":{"@context":"https:\/\/schema.org","@graph":[{"@type":"WebPage","@id":"https:\/\/www.bridge4mobility.com\/es\/cursos-de-aleman\/","url":"https:\/\/www.bridge4mobility.com\/es\/cursos-de-aleman\/","name":"Cursos de alem\u00e1n - Bridge4Mobility","isPartOf":{"@id":"https:\/\/www.bridge4mobility.com\/de\/#website"},"datePublished":"2014-02-24T10:48:11+00:00","dateModified":"2023-06-23T07:48:46+00:00","breadcrumb":{"@id":"https:\/\/www.bridge4mobility.com\/es\/cursos-de-aleman\/#breadcrumb"},"inLanguage":"es","potentialAction":[{"@type":"ReadAction","target":["https:\/\/www.bridge4mobility.com\/es\/cursos-de-aleman\/"]}]},{"@type":"BreadcrumbList","@id":"https:\/\/www.bridge4mobility.com\/es\/cursos-de-aleman\/#breadcrumb","itemListElement":[{"@type":"ListItem","position":1,"name":"Home","item":"https:\/\/www.bridge4mobility.com\/es\/"},{"@type":"ListItem","position":2,"name":"Cursos de alem\u00e1n"}]},{"@type":"WebSite","@id":"https:\/\/www.bridge4mobility.com\/de\/#website","url":"https:\/\/www.bridge4mobility.com\/de\/","name":"Bridge4Mobility","description":"Qualifizierte Fachkr\u00e4fte aus Spanien","potentialAction":[{"@type":"SearchAction","target":{"@type":"EntryPoint","urlTemplate":"https:\/\/www.bridge4mobility.com\/de\/?s={search_term_string}"},"query-input":"required name=search_term_string"}],"inLanguage":"es"}]}},"_links":{"self":[{"href":"https:\/\/www.bridge4mobility.com\/es\/wp-json\/wp\/v2\/pages\/1304"}],"collection":[{"href":"https:\/\/www.bridge4mobility.com\/es\/wp-json\/wp\/v2\/pages"}],"about":[{"href":"https:\/\/www.bridge4mobility.com\/es\/wp-json\/wp\/v2\/types\/page"}],"author":[{"embeddable":true,"href":"https:\/\/www.bridge4mobility.com\/es\/wp-json\/wp\/v2\/users\/10"}],"replies":[{"embeddable":true,"href":"https:\/\/www.bridge4mobility.com\/es\/wp-json\/wp\/v2\/comments?post=1304"}],"version-history":[{"count":1,"href":"https:\/\/www.bridge4mobility.com\/es\/wp-json\/wp\/v2\/pages\/1304\/revisions"}],"predecessor-version":[{"id":12120,"href":"https:\/\/www.bridge4mobility.com\/es\/wp-json\/wp\/v2\/pages\/1304\/revisions\/12120"}],"wp:attachment":[{"href":"https:\/\/www.bridge4mobility.com\/es\/wp-json\/wp\/v2\/media?parent=1304"}],"curies":[{"name":"wp","href":"https:\/\/api.w.org\/{rel}","templated":true}]}}