{"id":93,"date":"2013-10-25T20:27:20","date_gmt":"2013-10-25T18:27:20","guid":{"rendered":"http:\/\/www.bridge4mobility.com\/?page_id=93"},"modified":"2024-02-02T09:26:13","modified_gmt":"2024-02-02T08:26:13","slug":"unsere-leistungspakete","status":"publish","type":"page","link":"https:\/\/www.bridge4mobility.com\/de\/unsere-leistungspakete\/","title":{"rendered":"L\u00f6sungen f\u00fcr Ihren Fachkr\u00e4ftebedarf"},"content":{"rendered":"<div style=\"margin-top: 20px;\"><\/div>\n<h1 style=\"font-weight: bold;\">6 Br\u00fcckenpfeiler zur erfolgreichen Deckung Ihres Fachkr\u00e4ftebedarfs<\/h1>\n<div style=\"margin-top: 20px;\"><\/div>\n<div style=\"margin-left: 30px;\"><span class=\"dropcap2\">1<\/span>\n<p style=\"font-weight: bold; font-size: 18px; padding-left: 80px;\">Individuelle Beratung und Bedarfsanalyse<\/p>\n<p style=\"text-align: justify; padding-left: 80px; font-size: 12px; padding-right: 20px; height: 80px;\">Wir setzen uns gr\u00fcndlich mit den Besonderheiten der zu besetzenden Stellen auseinander, beraten Sie \u00fcber die bestehenden F\u00f6rderm\u00f6glichkeiten und erstellen ein ma\u00dfgeschneidertes Anforderungsprofil. Auf dieser Basis pr\u00fcfen wir die Vergleichbarkeit bzw. die Notwendigkeit der Anerkennung von Berufsabschl\u00fcssen und planen die konkrete Vorgehensweise f\u00fcr eine erfolgreiche Rekrutierung.<\/p>\n<span class=\"dropcap2\">2<\/span>\n<p style=\"font-weight: bold; font-size: 18px; padding-left: 80px;\">Effizientes Rekrutieren<\/p>\n<p style=\"text-align: justify; padding-left: 80px; font-size: 12px; padding-right: 20px; height: 80px;\">Auf der Basis des abgestimmten Stellenprofils suchen wir mit den vereinbarten Rekruitinginstrumenten nach den passenden Fachkr\u00e4ften f\u00fcr Ihren Betrieb. B4M kooperiert mit relevanten \u00f6ffentlichen Stellen, wie z.B. dem Land Katalonien, verschiedenen Berufsverb\u00e4nden, Universit\u00e4ten und regionalen Arbeitsagenturen. Hierf\u00fcr verf\u00fcgt B4M \u00fcber die in Spanien notwendige, staatliche Zulassung als private Agentur f\u00fcr Personalberatung.<\/p>\n<span class=\"dropcap2\">3<\/span>\n<p style=\"font-weight: bold; font-size: 18px; padding-left: 80px;\">Auswahlprozess, Pers\u00f6nlichkeits- und Kandidatenprofile<\/p>\n<p style=\"text-align: justify; padding-left: 80px; font-size: 12px; padding-right: 20px; height: 80px;\">Auf unseren Informationsveranstaltungen k\u00f6nnen sich BewerberInnen ein Bild der Stellenangebote und Herausforderungen in Deutschland machen. B4M kl\u00e4rt Erwartungshaltungen beider Seiten und erstellt ein wissenschaftlich fundiertes Pers\u00f6nlichkeitsprofil der geeigneten Bewerber. Sie erhalten unsere Auswahl und Kandidatenprofile zusammen mit einer detaillierten Auswertung.<\/p>\n<span class=\"dropcap2\">4<\/span>\n<p style=\"font-weight: bold; font-size: 18px; padding-left: 80px;\">Vorstellung der Kandidaten und Bewerbungsgespr\u00e4ch<\/p>\n<p style=\"text-align: justify; padding-left: 80px; font-size: 12px; padding-right: 20px; height: 80px;\">B4M bereitet die Vorstellungsgespr\u00e4che in Deutschland vor und \u00fcbernimmt Logistik und Organisation. Wir begleiten die Kandidaten zu den Gespr\u00e4chen und \u00fcbersetzen bei Bedarf. So lernen Sie die Menschen kennen und k\u00f6nnen die fachliche Kompetenz pr\u00fcfen. Ebenso ist es wichtig, dass die Kandidaten einen realistischen Einblick in ihr k\u00fcnftiges Umfeld erhalten und wissen, was auf sie zukommt.<\/p>\n<span class=\"dropcap2\">5<\/span>\n<p style=\"font-weight: bold; font-size: 18px; padding-left: 80px;\">Sprachausbildung und sozio-kulturelles Coaching<\/p>\n<p style=\"text-align: justify; padding-left: 80px; font-size: 12px; padding-right: 20px; height: 80px;\">Wir bilden Ihre k\u00fcnftigen Mitarbeiter sprachlich auf B1-Niveau in Spanien aus. Dar\u00fcber hinaus ist eine Weiterzertifizierung mit F\u00f6rdermitteln auf B2-Niveau \u00fcber unsere Partner-Sprachschulen in Deutschland m\u00f6glich. Wir bereiten die Spanier auf kulturelle Unterschiede vor und geben administrative und sozio-kulturelle Hilfestellung beim Schritt nach Deutschland.<\/p>\n<span class=\"dropcap2\">6<\/span>\n<p style=\"font-weight: bold; font-size: 18px; padding-left: 80px;\">Beratung und Unterst\u00fctzung bei der Integration<\/p>\n<p style=\"text-align: justify; padding-left: 80px; font-size: 12px; padding-right: 20px; height: 80px;\">Wir k\u00fcmmern uns um den Umzug Ihrer neuen Mitarbeiter und leisten Hilfestellung bei der Wohnungssuche, Beh\u00f6rdeng\u00e4ngen und rechtlichen Themen. Nach Arbeitsaufnahme bieten wir Unterst\u00fctzung bei der Integration in das betriebliche und gesellschaftliche Umfeld. Ebenso organisieren wir, je nach Bedarf, die richtigen Partner f\u00fcr eine weitere &#8211; auch fachlich spezialisierte &#8211; Betreuung und\/oder Weiterbildung in Deutschland.<\/p>\n<\/div>\n<div style=\"text-align: right; margin-top: 50px; margin-bottom: 20px;\"><span style=\"padding-right: 20px;\"><strong>Lesen Sie weiter:<\/strong><\/span><a class=\"s-button medium s-green\" href=\"\/deutschkurse-bis-b2-niveau\/\" target=\"\"><b>SPRACHAUSBILDUNG \u00bb Deutschkurse bis B2-Niveau<span style=\"padding-left: 15px;\">\u2192<\/span><\/b><\/a><\/div>\n","protected":false},"excerpt":{"rendered":"<p>6 Br\u00fcckenpfeiler zur erfolgreichen Deckung Ihres Fachkr\u00e4ftebedarfs Individuelle Beratung und Bedarfsanalyse Wir setzen uns gr\u00fcndlich mit den Besonderheiten der zu besetzenden Stellen auseinander, beraten Sie \u00fcber die bestehenden F\u00f6rderm\u00f6glichkeiten und erstellen ein ma\u00dfgeschneidertes Anforderungsprofil. Auf dieser Basis pr\u00fcfen wir die Vergleichbarkeit bzw. die Notwendigkeit der Anerkennung von Berufsabschl\u00fcssen und planen die konkrete Vorgehensweise f\u00fcr eine<\/p>\n","protected":false},"author":1,"featured_media":0,"parent":0,"menu_order":0,"comment_status":"open","ping_status":"closed","template":"","meta":[],"yoast_head":"<!-- This site is optimized with the Yoast SEO plugin v19.13 - https:\/\/yoast.com\/wordpress\/plugins\/seo\/ -->\n<title>Fachkr\u00e4fte aus Spanien - L\u00f6sungen &amp; Leistungen | Bridge4Mobility<\/title>\n<meta name=\"description\" content=\"Wir bieten Ihnen leistungsorientierte, effiziente, flexible und erprobte Sorglos-Pakete unter Ber\u00fccksichtigung des F\u00f6rderprogramms mobiPro-EU.\" \/>\n<meta name=\"robots\" content=\"index, follow, max-snippet:-1, max-image-preview:large, max-video-preview:-1\" \/>\n<link rel=\"canonical\" href=\"https:\/\/www.bridge4mobility.com\/de\/unsere-leistungspakete\/\" \/>\n<meta property=\"og:locale\" content=\"de_DE\" \/>\n<meta property=\"og:type\" content=\"article\" \/>\n<meta property=\"og:title\" content=\"Fachkr\u00e4fte aus Spanien - L\u00f6sungen &amp; Leistungen | Bridge4Mobility\" \/>\n<meta property=\"og:description\" content=\"Wir bieten Ihnen leistungsorientierte, effiziente, flexible und erprobte Sorglos-Pakete unter Ber\u00fccksichtigung des F\u00f6rderprogramms mobiPro-EU.\" \/>\n<meta property=\"og:url\" content=\"https:\/\/www.bridge4mobility.com\/de\/unsere-leistungspakete\/\" \/>\n<meta property=\"og:site_name\" content=\"Bridge4Mobility\" \/>\n<meta property=\"article:modified_time\" content=\"2024-02-02T08:26:13+00:00\" \/>\n<meta name=\"twitter:label1\" content=\"Gesch\u00e4tzte Lesezeit\" \/>\n\t<meta name=\"twitter:data1\" content=\"2 Minuten\" \/>\n<script type=\"application\/ld+json\" class=\"yoast-schema-graph\">{\"@context\":\"https:\/\/schema.org\",\"@graph\":[{\"@type\":\"WebPage\",\"@id\":\"https:\/\/www.bridge4mobility.com\/de\/unsere-leistungspakete\/\",\"url\":\"https:\/\/www.bridge4mobility.com\/de\/unsere-leistungspakete\/\",\"name\":\"Fachkr\u00e4fte aus Spanien - L\u00f6sungen & Leistungen | Bridge4Mobility\",\"isPartOf\":{\"@id\":\"https:\/\/www.bridge4mobility.com\/de\/#website\"},\"datePublished\":\"2013-10-25T18:27:20+00:00\",\"dateModified\":\"2024-02-02T08:26:13+00:00\",\"description\":\"Wir bieten Ihnen leistungsorientierte, effiziente, flexible und erprobte Sorglos-Pakete unter Ber\u00fccksichtigung des F\u00f6rderprogramms mobiPro-EU.\",\"breadcrumb\":{\"@id\":\"https:\/\/www.bridge4mobility.com\/de\/unsere-leistungspakete\/#breadcrumb\"},\"inLanguage\":\"de-DE\",\"potentialAction\":[{\"@type\":\"ReadAction\",\"target\":[\"https:\/\/www.bridge4mobility.com\/de\/unsere-leistungspakete\/\"]}]},{\"@type\":\"BreadcrumbList\",\"@id\":\"https:\/\/www.bridge4mobility.com\/de\/unsere-leistungspakete\/#breadcrumb\",\"itemListElement\":[{\"@type\":\"ListItem\",\"position\":1,\"name\":\"Home\",\"item\":\"https:\/\/www.bridge4mobility.com\/de\/\"},{\"@type\":\"ListItem\",\"position\":2,\"name\":\"L\u00f6sungen f\u00fcr Ihren Fachkr\u00e4ftebedarf\"}]},{\"@type\":\"WebSite\",\"@id\":\"https:\/\/www.bridge4mobility.com\/de\/#website\",\"url\":\"https:\/\/www.bridge4mobility.com\/de\/\",\"name\":\"Bridge4Mobility\",\"description\":\"Qualifizierte Fachkr\u00e4fte aus Spanien\",\"potentialAction\":[{\"@type\":\"SearchAction\",\"target\":{\"@type\":\"EntryPoint\",\"urlTemplate\":\"https:\/\/www.bridge4mobility.com\/de\/?s={search_term_string}\"},\"query-input\":\"required name=search_term_string\"}],\"inLanguage\":\"de-DE\"}]}<\/script>\n<!-- \/ Yoast SEO plugin. -->","yoast_head_json":{"title":"Fachkr\u00e4fte aus Spanien - L\u00f6sungen & Leistungen | Bridge4Mobility","description":"Wir bieten Ihnen leistungsorientierte, effiziente, flexible und erprobte Sorglos-Pakete unter Ber\u00fccksichtigung des F\u00f6rderprogramms mobiPro-EU.","robots":{"index":"index","follow":"follow","max-snippet":"max-snippet:-1","max-image-preview":"max-image-preview:large","max-video-preview":"max-video-preview:-1"},"canonical":"https:\/\/www.bridge4mobility.com\/de\/unsere-leistungspakete\/","og_locale":"de_DE","og_type":"article","og_title":"Fachkr\u00e4fte aus Spanien - L\u00f6sungen & Leistungen | Bridge4Mobility","og_description":"Wir bieten Ihnen leistungsorientierte, effiziente, flexible und erprobte Sorglos-Pakete unter Ber\u00fccksichtigung des F\u00f6rderprogramms mobiPro-EU.","og_url":"https:\/\/www.bridge4mobility.com\/de\/unsere-leistungspakete\/","og_site_name":"Bridge4Mobility","article_modified_time":"2024-02-02T08:26:13+00:00","twitter_misc":{"Gesch\u00e4tzte Lesezeit":"2 Minuten"},"schema":{"@context":"https:\/\/schema.org","@graph":[{"@type":"WebPage","@id":"https:\/\/www.bridge4mobility.com\/de\/unsere-leistungspakete\/","url":"https:\/\/www.bridge4mobility.com\/de\/unsere-leistungspakete\/","name":"Fachkr\u00e4fte aus Spanien - L\u00f6sungen & Leistungen | Bridge4Mobility","isPartOf":{"@id":"https:\/\/www.bridge4mobility.com\/de\/#website"},"datePublished":"2013-10-25T18:27:20+00:00","dateModified":"2024-02-02T08:26:13+00:00","description":"Wir bieten Ihnen leistungsorientierte, effiziente, flexible und erprobte Sorglos-Pakete unter Ber\u00fccksichtigung des F\u00f6rderprogramms mobiPro-EU.","breadcrumb":{"@id":"https:\/\/www.bridge4mobility.com\/de\/unsere-leistungspakete\/#breadcrumb"},"inLanguage":"de-DE","potentialAction":[{"@type":"ReadAction","target":["https:\/\/www.bridge4mobility.com\/de\/unsere-leistungspakete\/"]}]},{"@type":"BreadcrumbList","@id":"https:\/\/www.bridge4mobility.com\/de\/unsere-leistungspakete\/#breadcrumb","itemListElement":[{"@type":"ListItem","position":1,"name":"Home","item":"https:\/\/www.bridge4mobility.com\/de\/"},{"@type":"ListItem","position":2,"name":"L\u00f6sungen f\u00fcr Ihren Fachkr\u00e4ftebedarf"}]},{"@type":"WebSite","@id":"https:\/\/www.bridge4mobility.com\/de\/#website","url":"https:\/\/www.bridge4mobility.com\/de\/","name":"Bridge4Mobility","description":"Qualifizierte Fachkr\u00e4fte aus Spanien","potentialAction":[{"@type":"SearchAction","target":{"@type":"EntryPoint","urlTemplate":"https:\/\/www.bridge4mobility.com\/de\/?s={search_term_string}"},"query-input":"required name=search_term_string"}],"inLanguage":"de-DE"}]}},"_links":{"self":[{"href":"https:\/\/www.bridge4mobility.com\/de\/wp-json\/wp\/v2\/pages\/93"}],"collection":[{"href":"https:\/\/www.bridge4mobility.com\/de\/wp-json\/wp\/v2\/pages"}],"about":[{"href":"https:\/\/www.bridge4mobility.com\/de\/wp-json\/wp\/v2\/types\/page"}],"author":[{"embeddable":true,"href":"https:\/\/www.bridge4mobility.com\/de\/wp-json\/wp\/v2\/users\/1"}],"replies":[{"embeddable":true,"href":"https:\/\/www.bridge4mobility.com\/de\/wp-json\/wp\/v2\/comments?post=93"}],"version-history":[{"count":1,"href":"https:\/\/www.bridge4mobility.com\/de\/wp-json\/wp\/v2\/pages\/93\/revisions"}],"predecessor-version":[{"id":12386,"href":"https:\/\/www.bridge4mobility.com\/de\/wp-json\/wp\/v2\/pages\/93\/revisions\/12386"}],"wp:attachment":[{"href":"https:\/\/www.bridge4mobility.com\/de\/wp-json\/wp\/v2\/media?parent=93"}],"curies":[{"name":"wp","href":"https:\/\/api.w.org\/{rel}","templated":true}]}}