{"id":5894,"date":"2017-12-14T20:00:01","date_gmt":"2017-12-14T19:00:01","guid":{"rendered":"https:\/\/www.bridge4mobility.com\/?page_id=5894"},"modified":"2018-06-12T12:53:05","modified_gmt":"2018-06-12T10:53:05","slug":"cookie-richtlinien","status":"publish","type":"page","link":"https:\/\/www.bridge4mobility.com\/de\/cookie-richtlinien\/","title":{"rendered":"Cookie Richtlinien"},"content":{"rendered":"[vc_row][vc_column][vc_column_text]\n<h2><strong><u>COOKIE-RICHTLINIEN<\/u><\/strong><\/h2>\n<p>&nbsp;<\/p>\n<p>Diese Website verwendet sowohl eigene als auch Drittanbieter-Cookies, um eine bessere Nutzererfahrung und besseren Service zu bieten. Durch das Navigieren auf unserer Website oder durch die Nutzung unserer Dienstleistungen erkl\u00e4rt sich der Nutzer mit dem Einsatz von Cookies einverstanden. Allerdings hat der Nutzer die M\u00f6glichkeit, durch die Wahl der entsprechenden Webbrowser-Einstellung die Generierung von Cookies zu verhindern bzw. diese zu l\u00f6schen. Im Fall der Sperrung des Cookie-Einsatzes in Ihrem Browser besteht die M\u00f6glichkeit, dass einige Funktionen oder Dienste der Website nicht verf\u00fcgbar sind.<\/p>\n<p>&nbsp;<\/p>\n<p><strong>Was sind Cookies?<\/strong><\/p>\n<p>Ein Cookie ist ein kleines Textfragment, das von den Websites zu den Webbrowsern \u00fcbertragen wird und im Endger\u00e4t des Nutzers, zum Beispiel PC, Handy, Tablet etc., gespeichert wird. Durch diese Dateien speichert die Website Informationen Ihres Besuchs, wie Spracheinstellung und andere Vorlieben, was den n\u00e4chsten Besuch einfacher macht und durch Personalisierung der Inhalte zu einer besseren Nutzung der Website f\u00fchrt. Cookies haben eine wichtige Funktion, da sie die Nutzungserfahrung der Website verbessern.<\/p>\n<p>&nbsp;<\/p>\n<p><strong>Art der eingesetzten Cookies<\/strong><\/p>\n<p>Diese Website verwendet sowohl zeitlich begrenzte, sogenannte <i>Session Cookies<\/i> als auch dauerhafte <i>Persistente Cookies<\/i>. <i>Session Cookies<\/i> speichern ausschlie\u00dflich Informationen, die w\u00e4hrend des aktuellen Besuchs der Website generiert werden. <i>Persistent Cookies<\/i> dagegen speichern die Daten auf dem Endger\u00e4t des Nutzers, damit sie f\u00fcr weitere Besuche verwendet werden k\u00f6nnen.<br \/>\nJe nach Zweck, f\u00fcr den die \u00fcber die Cookies erhaltenen Daten verarbeitet werden, kann die Website folgende Cookies einsetzen:<\/p>\n<p>&nbsp;<\/p>\n<p><strong>TECHNISCHE COOKIES<\/strong><\/p>\n<p>Dies sind Cookies, die es dem Nutzer erm\u00f6glichen, auf einer Website oder Anwendung zu navigieren und die darin enthaltenen Optionen oder Serviceleistungen zu nutzen. Dazu z\u00e4hlen die Steuerung des Datentransfers und der Datenkommunikation, das Identifizieren und Aufrechterhalten von Sitzungen, der Zugriff auf zugangsbeschr\u00e4nkte Inhalte, die Speicherung von Elementen eines Auftrags, die Aufforderung zum Login oder Teilnahme an einem Event, die Verwendung von sicheren Elementen beim Navigieren und das Speichern von Inhalten zur Verbreitung von Videos oder Audiodateien.<\/p>\n<p>&nbsp;<\/p>\n<p><strong>PERSISTENTE COOKIES<\/strong><\/p>\n<p>Diese Cookies werden auf der Festplatte gespeichert, und unsere Website liest sie bei jedem erneuten Besuch wieder aus. Ein <i>Persistentes Cookie<\/i> hat eine festgelegte Lebensdauer. Nach dem festgelegten Datum funktioniert das Cookie nicht mehr.<\/p>\n<p>&nbsp;<\/p>\n<p><strong>PERSONALISIERUNGS-COOKIES<\/strong><\/p>\n<p>Dies sind Cookies, die es dem Nutzer erlauben, auf einen Service mit bestimmten allgemeinen Charakteristiken zuzugreifen, die basierend auf gewissen Kriterien im Nutzerterminal voreingestellt sind oder vom Nutzer selbst definiert werden. Dazu z\u00e4hlen, zum Beispiel, die Sprache, der zum Zugriff auf den Service verwendete Browser, das gew\u00e4hlte Design der Inhalte, la Geotargeting des Endger\u00e4ts und die regionale Konfiguration f\u00fcr den Zugriff auf den Service.<\/p>\n<p>&nbsp;<\/p>\n<p><strong>WERBE-COOKIES<\/strong><\/p>\n<p>Diese Cookies erm\u00f6glichen eine effiziente Verwaltung von Werbefl\u00e4chen, die auf einer Website oder Anwendung eingerichtet wurden, welche den angeforderten Service anbietet. Dadurch kann der Werbeinhalt so angepasst werden, dass er f\u00fcr den Nutzer relevant ist und das Zeigen von dem Nutzer bereits bekannter Werbung vermieden wird.<\/p>\n<p>&nbsp;<\/p>\n<p><strong>ANALYSE-COOKIES<\/strong><\/p>\n<p>Diese Cookies erm\u00f6glichen es, das Nutzungsverhalten der Nutzer auf den Websites zu verfolgen und zu analysieren. Die mit diesem Cookie-Typ gesammelten Informationen werden zur Messung der Aktivit\u00e4t von Websites, Anwendungen oder Plattformen und zur entsprechenden Erstellung von Browsing-Profilen der Nutzer verwendet, um anhand der analysierten Nutzungsdaten Verbesserungen der angebotenen Leistungen vornehmen zu k\u00f6nnen.<br \/>\n<strong>DRITTANBIETER-COOKIES<\/strong><\/p>\n<p>Auf einigen Websites k\u00f6nnen Drittanbieter-Cookies installiert werden, mit denen die angebotenen Serviceleistungen verwaltet und verbessert werden. Es geht, beispielsweise, um die statistischen Dienste von Google Analytics, Facebook, Twitter, Linkedln, Google+, Youtube.<br \/>\n<strong>Wie werden Cookies im Webbrowser verwaltet?<\/strong><\/p>\n<p>&nbsp;<\/p>\n<p>Der Nutzer hat die M\u00f6glichkeit, durch die Einstellung des auf seinem Endger\u00e4t installierten Webbrowsers die dort gespeicherten Cookies zuzulassen, zu sperren oder zu l\u00f6schen:<\/p>\n<p>&nbsp;<\/p>\n<p>Zur Einstellung der mit Cookies verbundenen Zulassungen im Browser <strong>Google Chrome:<\/strong><\/p>\n<p>&nbsp;<\/p>\n<ul>\n<li>Das Men\u00fc der Toolbar anklicken.<\/li>\n<li><strong>Einstellungen<\/strong> ausw\u00e4hlen.<\/li>\n<li><strong>Erweitere Einstellungen anzeigen<\/strong> anklicken.<\/li>\n<li>Im Bereich \u201eDatenschutz\u201c die Schaltf\u00e4che <strong>Configuraci\u00f3n de contenido<\/strong> anklicken.<\/li>\n<li>Im Bereich \u201eCookies\u201c k\u00f6nnen die Optionen eingestellt werden.<\/li>\n<\/ul>\n<p><strong>Weitergehende Informationen \u00fcber Google Chrome:<\/strong> <a href=\"https:\/\/support.google.com\/chrome\/answer\/95647?hl=de\" target=\"_blank\" rel=\"noopener\">support.google.com\/chrome\/answer<\/a><\/p>\n<p>&nbsp;<\/p>\n<p>Zur Einstellung der mit Cookies verbundenen Zulassungen im Browser <strong>Mozilla Firefox :<\/strong><\/p>\n<ul>\n<li>Oben im Firefox-Fenster das Men\u00fc <strong>Tools<\/strong> anklicken.<\/li>\n<li>Optionen ausw\u00e4hlen.<\/li>\n<li>Datenschutz ausw\u00e4hlen.<\/li>\n<li>In der Option Firefox kann f\u00fcr die Einstellung der Optionen (Firefox wird eine) <strong>Chronik nach benutzerdefinierten Einstellungen anlegen<\/strong> gew\u00e4hlt werden.<\/li>\n<\/ul>\n<p><strong>Weitergehende Informationen \u00fcber Mozilla Firefox:<\/strong> <a href=\"https:\/\/support.mozilla.org\/de\/kb\/cookies-loeschen-daten-von-websites-entfernen\" target=\"_blank\" rel=\"noopener\">support.mozilla.org\/es<\/a><\/p>\n<p>&nbsp;<\/p>\n<p>Zur Einstellung der mit Cookies verbundenen Zulassungen im Browser <strong>Internet Explorer 11:<\/strong><\/p>\n<ul>\n<li>Oben im Browser-Fenster das Men\u00fc anklicken<\/li>\n<li>\u2022 Die Registerkarte Sicherheit ausw\u00e4hlen und zum Entfernen der Cookies die Option <strong>Browserverlauf l\u00f6schen<\/strong>\u00a0verwenden. Das Cookie-Feld aktivieren und anschlie\u00dfend L\u00f6schen anklicken.<\/li>\n<li>\u2022 Die Registerkarte <strong>Datenschutz<\/strong>\u00a0ausw\u00e4hlen und den Schieberegler unter <strong>Einstellungen<\/strong> nach oben bewegen, um alle Cookies zu sperren, oder nach unten, um alle Cookies zuzulassen. Anschlie\u00dfend <strong>OK<\/strong> anklicken.<\/li>\n<\/ul>\n<p><strong>Weitergehende Informationen \u00fcber Internet Explorer 11:<\/strong> <a href=\"https:\/\/support.microsoft.com\/de-de\/help\/17442\/windows-internet-explorer-delete-manage-cookies\" target=\"_blank\" rel=\"noopener\">support.microsoft.com\/es<\/a><\/p>\n<p>Bei einer Sperrung des Cookie-Einsatzes im Browser besteht die M\u00f6glichkeit, dass einige Funktionen oder Dienste der Website nicht verf\u00fcgbar sind.<\/p>\n<p>&nbsp;<\/p>\n<p>Bei einigen Webbrowsern k\u00f6nnen spezielle Regeln f\u00fcr die Cookieverwaltung pro Website eingestellt werden, was eine pr\u00e4zisere Datenschutzkontrolle erm\u00f6glicht. Das bedeutet, es k\u00f6nnen Cookies von s\u00e4mtlichen Websites deaktiviert werden, mit Ausnahme der Websites, denen Sie vertrauen.<\/p>\n<p>&nbsp;<\/p>\n<p><strong>VON WWW.BRIDGE4MOBILITY.COM EINGESETZTE COOKIES<\/strong><\/p>\n<p>&nbsp;<\/p>\n<table class=\"cookies\">\n<tbody>\n<tr>\n<th style=\"text-align: left;\"><strong>Cookie<\/strong><\/th>\n<th style=\"text-align: left;\"><strong>Name<\/strong><\/th>\n<th style=\"text-align: left;\"><strong>Zweck<\/strong><\/th>\n<\/tr>\n<tr>\n<td>PHPSESSID<\/td>\n<td>PHP Session ID<\/td>\n<td>Das Cookie sorgt daf\u00fcr, dass die Nutzerdaten der SITZUNG im Webserver gespeichert werden.<\/td>\n<\/tr>\n<tr>\n<td>_icl_current_*, _icl_visitor_lang_js<\/td>\n<td>WordPress Language Settings<\/td>\n<td>WordPress: Cookies zur Festlegung und Speicherung der Spracheinstellung des Besuchers<\/td>\n<\/tr>\n<tr>\n<td>wordpress_*, wp-settings-*<\/td>\n<td>WordPress System<\/td>\n<td>WordPress: Verschiedene Cookies (Nutzerauthentifizierung, WordPress-Einstellungen)<\/td>\n<\/tr>\n<tr>\n<td>__ut*<\/td>\n<td>Google Analytics<\/td>\n<td>Google Analytics: Cookies zur Analyse der Website-Besuche und f\u00fcr den Erhalt statistischer Informationen \u00fcber das Navegationsverhalten\u00a0<a href=\"https:\/\/developers.google.com\/analytics\/devguides\/collection\/analyticsjs\/cookie-usage?hl=de\" target=\"_blank\" rel=\"noopener\">Weitergehende Informationen<\/a><\/td>\n<\/tr>\n<\/tbody>\n<\/table>\n[\/vc_column_text][\/vc_column][\/vc_row][vc_row][vc_column][vc_raw_html]JTNDc3R5bGUlM0UlMEEuY29va2llcyUyMCU3QndpZHRoJTNBMTAwJTI1JTNCJTdEJTBBLmNvb2tpZXMlMjB0aCUyMCU3QiUyMGJvcmRlciUzQTFweCUyMHNvbGlkJTIwJTIzNDQ0JTNCJTIwcGFkZGluZyUzQTRweCUzQiUyMCU3RCUwQS5jb29raWVzJTIwdGQlMjAlN0IlMjBib3JkZXIlM0ExcHglMjBzb2xpZCUyMCUyMzQ0NCUzQiUyMHBhZGRpbmclM0EzcHglM0IlMjAlN0QlMEElM0MlMkZzdHlsZSUzRQ==[\/vc_raw_html][\/vc_column][\/vc_row]\n","protected":false},"excerpt":{"rendered":"<p>[vc_row][vc_column][vc_column_text] COOKIE-RICHTLINIEN &nbsp; Diese Website verwendet sowohl eigene als auch Drittanbieter-Cookies, um eine bessere Nutzererfahrung und besseren Service zu bieten. Durch das Navigieren auf unserer Website oder durch die Nutzung unserer Dienstleistungen erkl\u00e4rt sich der Nutzer mit dem Einsatz von Cookies einverstanden. Allerdings hat der Nutzer die M\u00f6glichkeit, durch die Wahl der entsprechenden Webbrowser-Einstellung die<\/p>\n","protected":false},"author":1,"featured_media":0,"parent":0,"menu_order":0,"comment_status":"closed","ping_status":"closed","template":"","meta":[],"yoast_head":"<!-- This site is optimized with the Yoast SEO plugin v19.13 - https:\/\/yoast.com\/wordpress\/plugins\/seo\/ -->\n<title>Cookie Richtlinien - Bridge4Mobility<\/title>\n<meta name=\"robots\" content=\"noindex, nofollow\" \/>\n<meta property=\"og:locale\" content=\"de_DE\" \/>\n<meta property=\"og:type\" content=\"article\" \/>\n<meta property=\"og:title\" content=\"Cookie Richtlinien - Bridge4Mobility\" \/>\n<meta property=\"og:description\" content=\"[vc_row][vc_column][vc_column_text] COOKIE-RICHTLINIEN &nbsp; Diese Website verwendet sowohl eigene als auch Drittanbieter-Cookies, um eine bessere Nutzererfahrung und besseren Service zu bieten. Durch das Navigieren auf unserer Website oder durch die Nutzung unserer Dienstleistungen erkl\u00e4rt sich der Nutzer mit dem Einsatz von Cookies einverstanden. Allerdings hat der Nutzer die M\u00f6glichkeit, durch die Wahl der entsprechenden Webbrowser-Einstellung die\" \/>\n<meta property=\"og:url\" content=\"https:\/\/www.bridge4mobility.com\/de\/cookie-richtlinien\/\" \/>\n<meta property=\"og:site_name\" content=\"Bridge4Mobility\" \/>\n<meta property=\"article:modified_time\" content=\"2018-06-12T10:53:05+00:00\" \/>\n<meta name=\"twitter:label1\" content=\"Gesch\u00e4tzte Lesezeit\" \/>\n\t<meta name=\"twitter:data1\" content=\"5 Minuten\" \/>\n<script type=\"application\/ld+json\" class=\"yoast-schema-graph\">{\"@context\":\"https:\/\/schema.org\",\"@graph\":[{\"@type\":\"WebPage\",\"@id\":\"https:\/\/www.bridge4mobility.com\/de\/cookie-richtlinien\/\",\"url\":\"https:\/\/www.bridge4mobility.com\/de\/cookie-richtlinien\/\",\"name\":\"Cookie Richtlinien - Bridge4Mobility\",\"isPartOf\":{\"@id\":\"https:\/\/www.bridge4mobility.com\/de\/#website\"},\"datePublished\":\"2017-12-14T19:00:01+00:00\",\"dateModified\":\"2018-06-12T10:53:05+00:00\",\"breadcrumb\":{\"@id\":\"https:\/\/www.bridge4mobility.com\/de\/cookie-richtlinien\/#breadcrumb\"},\"inLanguage\":\"de-DE\",\"potentialAction\":[{\"@type\":\"ReadAction\",\"target\":[\"https:\/\/www.bridge4mobility.com\/de\/cookie-richtlinien\/\"]}]},{\"@type\":\"BreadcrumbList\",\"@id\":\"https:\/\/www.bridge4mobility.com\/de\/cookie-richtlinien\/#breadcrumb\",\"itemListElement\":[{\"@type\":\"ListItem\",\"position\":1,\"name\":\"Home\",\"item\":\"https:\/\/www.bridge4mobility.com\/de\/\"},{\"@type\":\"ListItem\",\"position\":2,\"name\":\"Cookie Richtlinien\"}]},{\"@type\":\"WebSite\",\"@id\":\"https:\/\/www.bridge4mobility.com\/de\/#website\",\"url\":\"https:\/\/www.bridge4mobility.com\/de\/\",\"name\":\"Bridge4Mobility\",\"description\":\"Qualifizierte Fachkr\u00e4fte aus Spanien\",\"potentialAction\":[{\"@type\":\"SearchAction\",\"target\":{\"@type\":\"EntryPoint\",\"urlTemplate\":\"https:\/\/www.bridge4mobility.com\/de\/?s={search_term_string}\"},\"query-input\":\"required name=search_term_string\"}],\"inLanguage\":\"de-DE\"}]}<\/script>\n<!-- \/ Yoast SEO plugin. -->","yoast_head_json":{"title":"Cookie Richtlinien - Bridge4Mobility","robots":{"index":"noindex","follow":"nofollow"},"og_locale":"de_DE","og_type":"article","og_title":"Cookie Richtlinien - Bridge4Mobility","og_description":"[vc_row][vc_column][vc_column_text] COOKIE-RICHTLINIEN &nbsp; Diese Website verwendet sowohl eigene als auch Drittanbieter-Cookies, um eine bessere Nutzererfahrung und besseren Service zu bieten. Durch das Navigieren auf unserer Website oder durch die Nutzung unserer Dienstleistungen erkl\u00e4rt sich der Nutzer mit dem Einsatz von Cookies einverstanden. Allerdings hat der Nutzer die M\u00f6glichkeit, durch die Wahl der entsprechenden Webbrowser-Einstellung die","og_url":"https:\/\/www.bridge4mobility.com\/de\/cookie-richtlinien\/","og_site_name":"Bridge4Mobility","article_modified_time":"2018-06-12T10:53:05+00:00","twitter_misc":{"Gesch\u00e4tzte Lesezeit":"5 Minuten"},"schema":{"@context":"https:\/\/schema.org","@graph":[{"@type":"WebPage","@id":"https:\/\/www.bridge4mobility.com\/de\/cookie-richtlinien\/","url":"https:\/\/www.bridge4mobility.com\/de\/cookie-richtlinien\/","name":"Cookie Richtlinien - Bridge4Mobility","isPartOf":{"@id":"https:\/\/www.bridge4mobility.com\/de\/#website"},"datePublished":"2017-12-14T19:00:01+00:00","dateModified":"2018-06-12T10:53:05+00:00","breadcrumb":{"@id":"https:\/\/www.bridge4mobility.com\/de\/cookie-richtlinien\/#breadcrumb"},"inLanguage":"de-DE","potentialAction":[{"@type":"ReadAction","target":["https:\/\/www.bridge4mobility.com\/de\/cookie-richtlinien\/"]}]},{"@type":"BreadcrumbList","@id":"https:\/\/www.bridge4mobility.com\/de\/cookie-richtlinien\/#breadcrumb","itemListElement":[{"@type":"ListItem","position":1,"name":"Home","item":"https:\/\/www.bridge4mobility.com\/de\/"},{"@type":"ListItem","position":2,"name":"Cookie Richtlinien"}]},{"@type":"WebSite","@id":"https:\/\/www.bridge4mobility.com\/de\/#website","url":"https:\/\/www.bridge4mobility.com\/de\/","name":"Bridge4Mobility","description":"Qualifizierte Fachkr\u00e4fte aus Spanien","potentialAction":[{"@type":"SearchAction","target":{"@type":"EntryPoint","urlTemplate":"https:\/\/www.bridge4mobility.com\/de\/?s={search_term_string}"},"query-input":"required name=search_term_string"}],"inLanguage":"de-DE"}]}},"_links":{"self":[{"href":"https:\/\/www.bridge4mobility.com\/de\/wp-json\/wp\/v2\/pages\/5894"}],"collection":[{"href":"https:\/\/www.bridge4mobility.com\/de\/wp-json\/wp\/v2\/pages"}],"about":[{"href":"https:\/\/www.bridge4mobility.com\/de\/wp-json\/wp\/v2\/types\/page"}],"author":[{"embeddable":true,"href":"https:\/\/www.bridge4mobility.com\/de\/wp-json\/wp\/v2\/users\/1"}],"replies":[{"embeddable":true,"href":"https:\/\/www.bridge4mobility.com\/de\/wp-json\/wp\/v2\/comments?post=5894"}],"version-history":[{"count":0,"href":"https:\/\/www.bridge4mobility.com\/de\/wp-json\/wp\/v2\/pages\/5894\/revisions"}],"wp:attachment":[{"href":"https:\/\/www.bridge4mobility.com\/de\/wp-json\/wp\/v2\/media?parent=5894"}],"curies":[{"name":"wp","href":"https:\/\/api.w.org\/{rel}","templated":true}]}}