{"id":1251,"date":"2013-11-24T16:20:29","date_gmt":"2013-11-24T15:20:29","guid":{"rendered":"http:\/\/www.bridge4mobility.com\/?page_id=1251"},"modified":"2024-02-02T09:30:51","modified_gmt":"2024-02-02T08:30:51","slug":"deutschkurse-bis-b2-niveau","status":"publish","type":"page","link":"https:\/\/www.bridge4mobility.com\/de\/deutschkurse-bis-b2-niveau\/","title":{"rendered":"Deutschkurse bis B2-Niveau"},"content":{"rendered":"<h1 style=\"font-weight: bold;\">Gemeinsamer europ\u00e4ischer Referenzrahmen f\u00fcr Sprachen<\/h1>\n<h2 style=\"margin-top: 0px; color: #666;\">Wir optimieren die verschiedenen Einflussvariablen der Sprachausbildung im Herkunftsland f\u00fcr ein bestm\u00f6gliches Ergebnis und zertifizieren individuelle Sprachniveaus bis B2 in folgendem Rahmen:<\/h2>\n<div style=\"margin-top: 10px;\">\n<p><img loading=\"lazy\" class=\"alignleft size-full wp-image-768\" src=\"\/wp-content\/uploads\/48_info_icon.png\" alt=\"48_info_icon\" width=\"48\" height=\"48\" \/><\/p>\n<p style=\"text-align: justify;\">Die angegebenen Unterrichtseinheiten (UE) h\u00e4ngen jeweils von den individuellen Vorkenntnissen und Lernvoraussetzungen ab. Je nach Berufsbild wird jeweils f\u00fcr die Anerkennung der Abschl\u00fcsse mindestens ein zertifiziertes B1-Niveau vorausgesetzt. In vielen Bundesl\u00e4ndern liegt die entsprechende Voraussetzung f\u00fcr Berufe, die bei der Aus\u00fcbung ein h\u00f6heres Niveau fordern (z.B. Gesundheits- und Krankenpfleger), bei B2. <strong>Mit der richtigen Kombination von Intensivkursen im Herkunftsland und in Deutschland k\u00f6nnen wir diese Voraussetzungen in der Regel erf\u00fcllen<\/strong>. Bei einigen wenigen Berufen (z.B. ErzieherInnen) wird ein C1-Niveau vorausgesetzt. In solchen F\u00e4llen kann B4M Ihnen bei der Erstellung eines l\u00e4ngerfristigen Projektes mit speziellen Finanzierungsbed\u00fcrfnissen behilflich sein.<\/p>\n<\/div>\n<div style=\"margin-top: 30px;\"><\/div>\n\n<table id=\"tablepress-1\" class=\"tablepress tablepress-id-1\">\n<thead>\n<tr class=\"row-1 odd\">\n\t<th class=\"column-1\">Kompetenzen<\/th><th class=\"column-2\">Niveau<\/th><th class=\"column-3\">Beschreibung<\/th>\n<\/tr>\n<\/thead>\n<tbody>\n<tr class=\"row-2 even\">\n\t<td rowspan=\"2\" class=\"column-1\"><strong>Elementare Sprachverwendung<\/strong><br \/><br \/>\n<strong>A1<\/strong> \u2192 80-200 UE<br \/>\n<strong>A2<\/strong> \u2192 200-350 UE<br \/><br \/>\n<em>1 Unterrichtseinheit (UE) = 45 Minuten<\/em><\/td><td class=\"column-2\"><center><strong>A1<\/strong><\/center><\/td><td class=\"column-3\">Kann vertraute, allt\u00e4gliche Ausdr\u00fccke und ganz einfache S\u00e4tze verstehen und verwenden, die auf die Befriedigung konkreter Bed\u00fcrfnisse zielen. Kann sich und andere vorstellen und anderen Leuten Fragen zu ihrer Person stellen - z. B. wo sie wohnen, was f\u00fcr Leute sie kennen oder was f\u00fcr Dinge sie haben - und kann auf Fragen dieser Art Antwort geben. Kann sich auf einfache Art verst\u00e4ndigen, wenn die Gespr\u00e4chspartnerinnen oder Gespr\u00e4chspartner langsam und deutlich sprechen und bereit sind zu helfen.<\/td>\n<\/tr>\n<tr class=\"row-3 odd\">\n\t<td class=\"column-2\"><center><strong>A2<\/strong><\/center><\/td><td class=\"column-3\">Kann S\u00e4tze und h\u00e4ufig gebrauchte Ausdr\u00fccke verstehen, die mit Bereichen von ganz unmittelbarer Bedeutung zusammenh\u00e4ngen (z. B. Informationen zur Person und zur Familie, Einkaufen, Arbeit, n\u00e4here Umgebung). Kann sich in einfachen, routinem\u00e4\u00dfigen Situationen verst\u00e4ndigen, in denen es um einen einfachen und direkten Austausch von Informationen \u00fcber vertraute und gel\u00e4ufige Dinge geht. Kann mit einfachen Mitteln die eigene Herkunft und Ausbildung, die direkte Umgebung und Dinge im Zusammenhang mit unmittelbaren Bed\u00fcrfnissen beschreiben.<\/td>\n<\/tr>\n<tr class=\"row-4 even\">\n\t<td rowspan=\"2\" class=\"column-1\"><strong>Selbst\u00e4ndige Sprachverwendung<\/strong><br \/><br \/>\n<strong>B1<\/strong> \u2192 350-650 UE<br \/>\n<strong>B2<\/strong> \u2192 600-800 UE<br \/><br \/>\n<em>1 Unterrichtseinheit (UE) = 45 Minuten<\/em><\/td><td class=\"column-2\"><center><strong>B1<\/strong><\/center><\/td><td class=\"column-3\">Kann die Hauptpunkte verstehen, wenn klare Standardsprache verwendet wird und wenn es um vertraute Dinge aus Arbeit, Schule, Freizeit usw. geht. Kann die meisten Situationen bew\u00e4ltigen, denen man auf Reisen im Sprachgebiet begegnet. Kann sich einfach und zusammenh\u00e4ngend \u00fcber vertraute Themen und pers\u00f6nliche Interessengebiete \u00e4u\u00dfern. Kann \u00fcber Erfahrungen und Ereignisse berichten, Tr\u00e4ume, Hoffnungen und Ziele beschreiben und zu Pl\u00e4nen und Ansichten kurze Begr\u00fcndungen oder Erkl\u00e4rungen geben.<\/td>\n<\/tr>\n<tr class=\"row-5 odd\">\n\t<td class=\"column-2\"><center><strong>B2<\/strong><\/center><\/td><td class=\"column-3\">Kann die Hauptinhalte komplexer Texte zu konkreten und abstrakten Themen verstehen; versteht im eigenen Spezialgebiet auch Fachdiskussionen. Kann sich so spontan und flie\u00dfend verst\u00e4ndigen, dass ein normales Gespr\u00e4ch mit Muttersprachlern ohne gr\u00f6ssere Anstrengung auf beiden Seiten gut m\u00f6glich ist. Kann sich zu einem breiten Themenspektrum klar und detailliert ausdr\u00fccken, einen Standpunkt zu einer aktuellen Frage erl\u00e4utern und die Vor- und Nachteile verschiedener M\u00f6glichkeiten angeben.<\/td>\n<\/tr>\n<tr class=\"row-6 even\">\n\t<td rowspan=\"2\" class=\"column-1\"><strong>Kompetente Sprachverwendung<\/strong><br \/><br \/>\n<strong>C1<\/strong> \u2192 800-1000 UE<br \/>\n<strong>C2<\/strong> \u2192 ab 1000 UE<br \/><br \/>\n<em>1 Unterrichtseinheit (UE) = 45 Minuten<\/em><\/td><td class=\"column-2\"><center><strong>C1<\/strong><\/center><\/td><td class=\"column-3\">Kann ein breites Spektrum anspruchsvoller, l\u00e4ngerer Texte verstehen und auch implizite Bedeutungen erfassen. Kann sich spontan und flie\u00dfend ausdr\u00fccken, ohne \u00f6fter deutlich erkennbar nach Worten suchen zu m\u00fcssen. Kann die Sprache im gesellschaftlichen und beruflichen Leben oder in Ausbildung und Studium wirksam und flexibel gebrauchen. Kann sich klar, strukturiert und ausf\u00fchrlich zu komplexen Sachverhalten \u00e4u\u00dfern und dabei verschiedene Mittel zur Textverkn\u00fcpfung angemessen verwenden.<\/td>\n<\/tr>\n<tr class=\"row-7 odd\">\n\t<td class=\"column-2\"><center><strong>C2<\/strong><\/center><\/td><td class=\"column-3\">Kann praktisch alles, was er \/ sie liest oder h\u00f6rt, m\u00fchelos verstehen. Kann Informationen aus verschiedenen schriftlichen und m\u00fcndlichen Quellen zusammenfassen und dabei Begr\u00fcndungen und Erkl\u00e4rungen in einer zusammenh\u00e4ngenden Darstellung wiedergeben. Kann sich spontan, sehr fl\u00fcssig und genau ausdr\u00fccken und auch bei komplexeren Sachverhalten feinere Bedeutungsnuancen deutlich machen.<\/td>\n<\/tr>\n<\/tbody>\n<\/table>\n<!-- #tablepress-1 from cache -->\n<div style=\"text-align: right; margin-top: 60px; margin-bottom: 20px;\"><span style=\"padding-right: 20px;\"><strong>Lesen Sie weiter:<\/strong><\/span><a class=\"s-button medium s-green\" href=\"\/soziokulturelle-vorbereitung\/\" target=\"\"><b>COACHING &amp; INTEGRATION \u00bb Sozio-kulturelle Vorbereitung<span style=\"padding-left: 15px;\">\u2192<\/span><\/b><\/a><\/div>\n","protected":false},"excerpt":{"rendered":"<p>Gemeinsamer europ\u00e4ischer Referenzrahmen f\u00fcr Sprachen Wir optimieren die verschiedenen Einflussvariablen der Sprachausbildung im Herkunftsland f\u00fcr ein bestm\u00f6gliches Ergebnis und zertifizieren individuelle Sprachniveaus bis B2 in folgendem Rahmen: Die angegebenen Unterrichtseinheiten (UE) h\u00e4ngen jeweils von den individuellen Vorkenntnissen und Lernvoraussetzungen ab. Je nach Berufsbild wird jeweils f\u00fcr die Anerkennung der Abschl\u00fcsse mindestens ein zertifiziertes B1-Niveau vorausgesetzt.<\/p>\n","protected":false},"author":1,"featured_media":0,"parent":0,"menu_order":0,"comment_status":"closed","ping_status":"closed","template":"","meta":[],"yoast_head":"<!-- This site is optimized with the Yoast SEO plugin v19.13 - https:\/\/yoast.com\/wordpress\/plugins\/seo\/ -->\n<title>Deutschkurse bis B2-Niveau - Bridge4Mobility<\/title>\n<meta name=\"robots\" content=\"noindex, nofollow\" \/>\n<meta property=\"og:locale\" content=\"de_DE\" \/>\n<meta property=\"og:type\" content=\"article\" \/>\n<meta property=\"og:title\" content=\"Deutschkurse bis B2-Niveau - Bridge4Mobility\" \/>\n<meta property=\"og:description\" content=\"Gemeinsamer europ\u00e4ischer Referenzrahmen f\u00fcr Sprachen Wir optimieren die verschiedenen Einflussvariablen der Sprachausbildung im Herkunftsland f\u00fcr ein bestm\u00f6gliches Ergebnis und zertifizieren individuelle Sprachniveaus bis B2 in folgendem Rahmen: Die angegebenen Unterrichtseinheiten (UE) h\u00e4ngen jeweils von den individuellen Vorkenntnissen und Lernvoraussetzungen ab. Je nach Berufsbild wird jeweils f\u00fcr die Anerkennung der Abschl\u00fcsse mindestens ein zertifiziertes B1-Niveau vorausgesetzt.\" \/>\n<meta property=\"og:url\" content=\"https:\/\/www.bridge4mobility.com\/de\/deutschkurse-bis-b2-niveau\/\" \/>\n<meta property=\"og:site_name\" content=\"Bridge4Mobility\" \/>\n<meta property=\"article:modified_time\" content=\"2024-02-02T08:30:51+00:00\" \/>\n<meta name=\"twitter:label1\" content=\"Gesch\u00e4tzte Lesezeit\" \/>\n\t<meta name=\"twitter:data1\" content=\"1 Minute\" \/>\n<script type=\"application\/ld+json\" class=\"yoast-schema-graph\">{\"@context\":\"https:\/\/schema.org\",\"@graph\":[{\"@type\":\"WebPage\",\"@id\":\"https:\/\/www.bridge4mobility.com\/de\/deutschkurse-bis-b2-niveau\/\",\"url\":\"https:\/\/www.bridge4mobility.com\/de\/deutschkurse-bis-b2-niveau\/\",\"name\":\"Deutschkurse bis B2-Niveau - Bridge4Mobility\",\"isPartOf\":{\"@id\":\"https:\/\/www.bridge4mobility.com\/de\/#website\"},\"datePublished\":\"2013-11-24T15:20:29+00:00\",\"dateModified\":\"2024-02-02T08:30:51+00:00\",\"breadcrumb\":{\"@id\":\"https:\/\/www.bridge4mobility.com\/de\/deutschkurse-bis-b2-niveau\/#breadcrumb\"},\"inLanguage\":\"de-DE\",\"potentialAction\":[{\"@type\":\"ReadAction\",\"target\":[\"https:\/\/www.bridge4mobility.com\/de\/deutschkurse-bis-b2-niveau\/\"]}]},{\"@type\":\"BreadcrumbList\",\"@id\":\"https:\/\/www.bridge4mobility.com\/de\/deutschkurse-bis-b2-niveau\/#breadcrumb\",\"itemListElement\":[{\"@type\":\"ListItem\",\"position\":1,\"name\":\"Home\",\"item\":\"https:\/\/www.bridge4mobility.com\/de\/\"},{\"@type\":\"ListItem\",\"position\":2,\"name\":\"Deutschkurse bis B2-Niveau\"}]},{\"@type\":\"WebSite\",\"@id\":\"https:\/\/www.bridge4mobility.com\/de\/#website\",\"url\":\"https:\/\/www.bridge4mobility.com\/de\/\",\"name\":\"Bridge4Mobility\",\"description\":\"Qualifizierte Fachkr\u00e4fte aus Spanien\",\"potentialAction\":[{\"@type\":\"SearchAction\",\"target\":{\"@type\":\"EntryPoint\",\"urlTemplate\":\"https:\/\/www.bridge4mobility.com\/de\/?s={search_term_string}\"},\"query-input\":\"required name=search_term_string\"}],\"inLanguage\":\"de-DE\"}]}<\/script>\n<!-- \/ Yoast SEO plugin. -->","yoast_head_json":{"title":"Deutschkurse bis B2-Niveau - Bridge4Mobility","robots":{"index":"noindex","follow":"nofollow"},"og_locale":"de_DE","og_type":"article","og_title":"Deutschkurse bis B2-Niveau - Bridge4Mobility","og_description":"Gemeinsamer europ\u00e4ischer Referenzrahmen f\u00fcr Sprachen Wir optimieren die verschiedenen Einflussvariablen der Sprachausbildung im Herkunftsland f\u00fcr ein bestm\u00f6gliches Ergebnis und zertifizieren individuelle Sprachniveaus bis B2 in folgendem Rahmen: Die angegebenen Unterrichtseinheiten (UE) h\u00e4ngen jeweils von den individuellen Vorkenntnissen und Lernvoraussetzungen ab. Je nach Berufsbild wird jeweils f\u00fcr die Anerkennung der Abschl\u00fcsse mindestens ein zertifiziertes B1-Niveau vorausgesetzt.","og_url":"https:\/\/www.bridge4mobility.com\/de\/deutschkurse-bis-b2-niveau\/","og_site_name":"Bridge4Mobility","article_modified_time":"2024-02-02T08:30:51+00:00","twitter_misc":{"Gesch\u00e4tzte Lesezeit":"1 Minute"},"schema":{"@context":"https:\/\/schema.org","@graph":[{"@type":"WebPage","@id":"https:\/\/www.bridge4mobility.com\/de\/deutschkurse-bis-b2-niveau\/","url":"https:\/\/www.bridge4mobility.com\/de\/deutschkurse-bis-b2-niveau\/","name":"Deutschkurse bis B2-Niveau - Bridge4Mobility","isPartOf":{"@id":"https:\/\/www.bridge4mobility.com\/de\/#website"},"datePublished":"2013-11-24T15:20:29+00:00","dateModified":"2024-02-02T08:30:51+00:00","breadcrumb":{"@id":"https:\/\/www.bridge4mobility.com\/de\/deutschkurse-bis-b2-niveau\/#breadcrumb"},"inLanguage":"de-DE","potentialAction":[{"@type":"ReadAction","target":["https:\/\/www.bridge4mobility.com\/de\/deutschkurse-bis-b2-niveau\/"]}]},{"@type":"BreadcrumbList","@id":"https:\/\/www.bridge4mobility.com\/de\/deutschkurse-bis-b2-niveau\/#breadcrumb","itemListElement":[{"@type":"ListItem","position":1,"name":"Home","item":"https:\/\/www.bridge4mobility.com\/de\/"},{"@type":"ListItem","position":2,"name":"Deutschkurse bis B2-Niveau"}]},{"@type":"WebSite","@id":"https:\/\/www.bridge4mobility.com\/de\/#website","url":"https:\/\/www.bridge4mobility.com\/de\/","name":"Bridge4Mobility","description":"Qualifizierte Fachkr\u00e4fte aus Spanien","potentialAction":[{"@type":"SearchAction","target":{"@type":"EntryPoint","urlTemplate":"https:\/\/www.bridge4mobility.com\/de\/?s={search_term_string}"},"query-input":"required name=search_term_string"}],"inLanguage":"de-DE"}]}},"_links":{"self":[{"href":"https:\/\/www.bridge4mobility.com\/de\/wp-json\/wp\/v2\/pages\/1251"}],"collection":[{"href":"https:\/\/www.bridge4mobility.com\/de\/wp-json\/wp\/v2\/pages"}],"about":[{"href":"https:\/\/www.bridge4mobility.com\/de\/wp-json\/wp\/v2\/types\/page"}],"author":[{"embeddable":true,"href":"https:\/\/www.bridge4mobility.com\/de\/wp-json\/wp\/v2\/users\/1"}],"replies":[{"embeddable":true,"href":"https:\/\/www.bridge4mobility.com\/de\/wp-json\/wp\/v2\/comments?post=1251"}],"version-history":[{"count":8,"href":"https:\/\/www.bridge4mobility.com\/de\/wp-json\/wp\/v2\/pages\/1251\/revisions"}],"predecessor-version":[{"id":12389,"href":"https:\/\/www.bridge4mobility.com\/de\/wp-json\/wp\/v2\/pages\/1251\/revisions\/12389"}],"wp:attachment":[{"href":"https:\/\/www.bridge4mobility.com\/de\/wp-json\/wp\/v2\/media?parent=1251"}],"curies":[{"name":"wp","href":"https:\/\/api.w.org\/{rel}","templated":true}]}}