{"id":11830,"date":"2022-08-29T09:54:21","date_gmt":"2022-08-29T07:54:21","guid":{"rendered":"https:\/\/www.bridge4mobility.com\/?page_id=11830"},"modified":"2022-08-29T09:54:21","modified_gmt":"2022-08-29T07:54:21","slug":"faire-anwerbung-pflege","status":"publish","type":"page","link":"https:\/\/www.bridge4mobility.com\/de\/faire-anwerbung-pflege\/","title":{"rendered":"Faire Anwerbung &#8211; Pflege"},"content":{"rendered":"[vc_row][vc_column][vc_empty_space][vc_column_text]\n<p style=\"font-size: 37px; line-height: 40px; text-align: left;\"><span style=\"font-size: 24pt;\"><strong>B4M erh\u00e4lt deutsches G\u00fctesiegel f\u00fcr faire Personalrekrutierung im Gesundheitswesen<\/strong><\/span><\/p>\n[\/vc_column_text][\/vc_column][\/vc_row][vc_row][vc_column][vc_column_text]\n<p style=\"font-size: 16px; line-height: 22px;\">Das offizielle deutsche G\u00fctesiegel f\u00fcr faire Personalrekrutierung im Gesundheitswesen wurde Bridge4Mobility nach mehrmonatiger Pr\u00fcfung und Analyse unserer internen Prozesse, unseres Leistungsportfolios, unserer Betreuung der Teilnehmer und Unternehmen, unserer Vertr\u00e4ge mit allen Beteiligten sowie unserer externen Kommunikation sowohl in Kolumbien als auch in Deutschland verliehen.<\/p>\n[\/vc_column_text][vc_column_text]\n<p style=\"font-size: 16px; line-height: 22px;\">Daher erf\u00fcllen wir alle Anforderungen an Transparenz, Berufsethik und fairer Bedingungen f\u00fcr das Gesundheitspersonal, das an unseren Mobilit\u00e4tsprojekten teilnimmt. Bereits 2020 haben wir uns der Initiative zur Schaffung von Ethik- und Qualit\u00e4tsstandards im Bereich der Arbeitsmobilit\u00e4t von Gesundheitsfachkr\u00e4ften durch eine vorherige Vereinbarung mit der DEFA \u2013 der von der Bundesregierung geschaffenen offiziellen Agentur f\u00fcr Gesundheitspersonal \u2013 angeschlossen.<\/p>\n[\/vc_column_text][vc_single_image image=&#8221;11826&#8243; img_size=&#8221;large&#8221; alignment=&#8221;center&#8221;][\/vc_column][\/vc_row][vc_row][vc_column][vc_empty_space][vc_column_text]\n<h1 style=\"text-align: left;\"><span style=\"color: #000000;\"><strong>Informationen zur Erwerbsmigration in die Pflege nach Deutschland<\/strong><\/span><\/h1>\n<p style=\"font-size: 16px; line-height: 22px;\">Umfassende Informationen verfasst vom KDA f\u00fcr internationale Pflegekr\u00e4fte als Grundlage f\u00fcr das Leben und Arbeiten im Pflegebereich in Deutschland.<\/p>\n[\/vc_column_text][vc_btn title=&#8221;PDF HERUNTERLADEN&#8221; color=&#8221;green&#8221; size=&#8221;lg&#8221; align=&#8221;center&#8221; i_align=&#8221;right&#8221; i_icon_fontawesome=&#8221;fa fa-cloud-download&#8221; css_animation=&#8221;bounceInDown&#8221; add_icon=&#8221;true&#8221; link=&#8221;url:%2Fwp-content%2Fuploads%2FKDA-Faire-Anwerbung-DE.pdf||target:%20_blank|rel:nofollow&#8221;][\/vc_column][\/vc_row][vc_row][vc_column][vc_raw_js]JTNDc2NyaXB0JTIwdHlwZSUzRCUyMnRleHQlMkZqYXZhc2NyaXB0JTIyJTNFJTIwJTBBalF1ZXJ5JTI4ZG9jdW1lbnQlMjkucmVhZHklMjhmdW5jdGlvbiUyOCUyNCUyOSU3QiUwQSUwQSUyMCUyMCUyMCUyMCUyMCUyNCUyOCUyMmltZyUyMiUyOS5vbiUyOCUyMmNvbnRleHRtZW51JTIyJTJDZnVuY3Rpb24lMjglMjklN0IlMEElMjAlMjAlMjAlMjAlMjAlMjAlMjAlMjByZXR1cm4lMjBmYWxzZSUzQiUwQSUyMCUyMCUyMCUyMCUyMCU3RCUyOSUzQiUyMCUwQSUwQSU3RCUyOSUzQiUwQSUzQyUyRnNjcmlwdCUzRSUwQSUwQSUwQQ==[\/vc_raw_js][\/vc_column][\/vc_row]\n","protected":false},"excerpt":{"rendered":"<p>[vc_row][vc_column][vc_empty_space][vc_column_text] B4M erh\u00e4lt deutsches G\u00fctesiegel f\u00fcr faire Personalrekrutierung im Gesundheitswesen [\/vc_column_text][\/vc_column][\/vc_row][vc_row][vc_column][vc_column_text] Das offizielle deutsche G\u00fctesiegel f\u00fcr faire Personalrekrutierung im Gesundheitswesen wurde Bridge4Mobility nach mehrmonatiger Pr\u00fcfung und Analyse unserer internen Prozesse, unseres Leistungsportfolios, unserer Betreuung der Teilnehmer und Unternehmen, unserer Vertr\u00e4ge mit allen Beteiligten sowie unserer externen Kommunikation sowohl in Kolumbien als auch in Deutschland verliehen.<\/p>\n","protected":false},"author":1612,"featured_media":0,"parent":0,"menu_order":0,"comment_status":"closed","ping_status":"closed","template":"","meta":[],"yoast_head":"<!-- This site is optimized with the Yoast SEO plugin v19.13 - https:\/\/yoast.com\/wordpress\/plugins\/seo\/ -->\n<title>Faire Anwerbung - Pflege - Bridge4Mobility<\/title>\n<meta name=\"robots\" content=\"index, follow, max-snippet:-1, max-image-preview:large, max-video-preview:-1\" \/>\n<link rel=\"canonical\" href=\"https:\/\/www.bridge4mobility.com\/de\/faire-anwerbung-pflege\/\" \/>\n<meta property=\"og:locale\" content=\"de_DE\" \/>\n<meta property=\"og:type\" content=\"article\" \/>\n<meta property=\"og:title\" content=\"Faire Anwerbung - Pflege - Bridge4Mobility\" \/>\n<meta property=\"og:description\" content=\"[vc_row][vc_column][vc_empty_space][vc_column_text] B4M erh\u00e4lt deutsches G\u00fctesiegel f\u00fcr faire Personalrekrutierung im Gesundheitswesen [\/vc_column_text][\/vc_column][\/vc_row][vc_row][vc_column][vc_column_text] Das offizielle deutsche G\u00fctesiegel f\u00fcr faire Personalrekrutierung im Gesundheitswesen wurde Bridge4Mobility nach mehrmonatiger Pr\u00fcfung und Analyse unserer internen Prozesse, unseres Leistungsportfolios, unserer Betreuung der Teilnehmer und Unternehmen, unserer Vertr\u00e4ge mit allen Beteiligten sowie unserer externen Kommunikation sowohl in Kolumbien als auch in Deutschland verliehen.\" \/>\n<meta property=\"og:url\" content=\"https:\/\/www.bridge4mobility.com\/de\/faire-anwerbung-pflege\/\" \/>\n<meta property=\"og:site_name\" content=\"Bridge4Mobility\" \/>\n<meta name=\"twitter:label1\" content=\"Gesch\u00e4tzte Lesezeit\" \/>\n\t<meta name=\"twitter:data1\" content=\"1 Minute\" \/>\n<script type=\"application\/ld+json\" class=\"yoast-schema-graph\">{\"@context\":\"https:\/\/schema.org\",\"@graph\":[{\"@type\":\"WebPage\",\"@id\":\"https:\/\/www.bridge4mobility.com\/de\/faire-anwerbung-pflege\/\",\"url\":\"https:\/\/www.bridge4mobility.com\/de\/faire-anwerbung-pflege\/\",\"name\":\"Faire Anwerbung - Pflege - Bridge4Mobility\",\"isPartOf\":{\"@id\":\"https:\/\/www.bridge4mobility.com\/de\/#website\"},\"datePublished\":\"2022-08-29T07:54:21+00:00\",\"dateModified\":\"2022-08-29T07:54:21+00:00\",\"breadcrumb\":{\"@id\":\"https:\/\/www.bridge4mobility.com\/de\/faire-anwerbung-pflege\/#breadcrumb\"},\"inLanguage\":\"de-DE\",\"potentialAction\":[{\"@type\":\"ReadAction\",\"target\":[\"https:\/\/www.bridge4mobility.com\/de\/faire-anwerbung-pflege\/\"]}]},{\"@type\":\"BreadcrumbList\",\"@id\":\"https:\/\/www.bridge4mobility.com\/de\/faire-anwerbung-pflege\/#breadcrumb\",\"itemListElement\":[{\"@type\":\"ListItem\",\"position\":1,\"name\":\"Home\",\"item\":\"https:\/\/www.bridge4mobility.com\/de\/\"},{\"@type\":\"ListItem\",\"position\":2,\"name\":\"Faire Anwerbung &#8211; Pflege\"}]},{\"@type\":\"WebSite\",\"@id\":\"https:\/\/www.bridge4mobility.com\/de\/#website\",\"url\":\"https:\/\/www.bridge4mobility.com\/de\/\",\"name\":\"Bridge4Mobility\",\"description\":\"Qualifizierte Fachkr\u00e4fte aus Spanien\",\"potentialAction\":[{\"@type\":\"SearchAction\",\"target\":{\"@type\":\"EntryPoint\",\"urlTemplate\":\"https:\/\/www.bridge4mobility.com\/de\/?s={search_term_string}\"},\"query-input\":\"required name=search_term_string\"}],\"inLanguage\":\"de-DE\"}]}<\/script>\n<!-- \/ Yoast SEO plugin. -->","yoast_head_json":{"title":"Faire Anwerbung - Pflege - Bridge4Mobility","robots":{"index":"index","follow":"follow","max-snippet":"max-snippet:-1","max-image-preview":"max-image-preview:large","max-video-preview":"max-video-preview:-1"},"canonical":"https:\/\/www.bridge4mobility.com\/de\/faire-anwerbung-pflege\/","og_locale":"de_DE","og_type":"article","og_title":"Faire Anwerbung - Pflege - Bridge4Mobility","og_description":"[vc_row][vc_column][vc_empty_space][vc_column_text] B4M erh\u00e4lt deutsches G\u00fctesiegel f\u00fcr faire Personalrekrutierung im Gesundheitswesen [\/vc_column_text][\/vc_column][\/vc_row][vc_row][vc_column][vc_column_text] Das offizielle deutsche G\u00fctesiegel f\u00fcr faire Personalrekrutierung im Gesundheitswesen wurde Bridge4Mobility nach mehrmonatiger Pr\u00fcfung und Analyse unserer internen Prozesse, unseres Leistungsportfolios, unserer Betreuung der Teilnehmer und Unternehmen, unserer Vertr\u00e4ge mit allen Beteiligten sowie unserer externen Kommunikation sowohl in Kolumbien als auch in Deutschland verliehen.","og_url":"https:\/\/www.bridge4mobility.com\/de\/faire-anwerbung-pflege\/","og_site_name":"Bridge4Mobility","twitter_misc":{"Gesch\u00e4tzte Lesezeit":"1 Minute"},"schema":{"@context":"https:\/\/schema.org","@graph":[{"@type":"WebPage","@id":"https:\/\/www.bridge4mobility.com\/de\/faire-anwerbung-pflege\/","url":"https:\/\/www.bridge4mobility.com\/de\/faire-anwerbung-pflege\/","name":"Faire Anwerbung - Pflege - Bridge4Mobility","isPartOf":{"@id":"https:\/\/www.bridge4mobility.com\/de\/#website"},"datePublished":"2022-08-29T07:54:21+00:00","dateModified":"2022-08-29T07:54:21+00:00","breadcrumb":{"@id":"https:\/\/www.bridge4mobility.com\/de\/faire-anwerbung-pflege\/#breadcrumb"},"inLanguage":"de-DE","potentialAction":[{"@type":"ReadAction","target":["https:\/\/www.bridge4mobility.com\/de\/faire-anwerbung-pflege\/"]}]},{"@type":"BreadcrumbList","@id":"https:\/\/www.bridge4mobility.com\/de\/faire-anwerbung-pflege\/#breadcrumb","itemListElement":[{"@type":"ListItem","position":1,"name":"Home","item":"https:\/\/www.bridge4mobility.com\/de\/"},{"@type":"ListItem","position":2,"name":"Faire Anwerbung &#8211; Pflege"}]},{"@type":"WebSite","@id":"https:\/\/www.bridge4mobility.com\/de\/#website","url":"https:\/\/www.bridge4mobility.com\/de\/","name":"Bridge4Mobility","description":"Qualifizierte Fachkr\u00e4fte aus Spanien","potentialAction":[{"@type":"SearchAction","target":{"@type":"EntryPoint","urlTemplate":"https:\/\/www.bridge4mobility.com\/de\/?s={search_term_string}"},"query-input":"required name=search_term_string"}],"inLanguage":"de-DE"}]}},"_links":{"self":[{"href":"https:\/\/www.bridge4mobility.com\/de\/wp-json\/wp\/v2\/pages\/11830"}],"collection":[{"href":"https:\/\/www.bridge4mobility.com\/de\/wp-json\/wp\/v2\/pages"}],"about":[{"href":"https:\/\/www.bridge4mobility.com\/de\/wp-json\/wp\/v2\/types\/page"}],"author":[{"embeddable":true,"href":"https:\/\/www.bridge4mobility.com\/de\/wp-json\/wp\/v2\/users\/1612"}],"replies":[{"embeddable":true,"href":"https:\/\/www.bridge4mobility.com\/de\/wp-json\/wp\/v2\/comments?post=11830"}],"version-history":[{"count":3,"href":"https:\/\/www.bridge4mobility.com\/de\/wp-json\/wp\/v2\/pages\/11830\/revisions"}],"predecessor-version":[{"id":11833,"href":"https:\/\/www.bridge4mobility.com\/de\/wp-json\/wp\/v2\/pages\/11830\/revisions\/11833"}],"wp:attachment":[{"href":"https:\/\/www.bridge4mobility.com\/de\/wp-json\/wp\/v2\/media?parent=11830"}],"curies":[{"name":"wp","href":"https:\/\/api.w.org\/{rel}","templated":true}]}}