{"id":11343,"date":"2021-11-21T12:24:02","date_gmt":"2021-11-21T11:24:02","guid":{"rendered":"https:\/\/www.bridge4mobility.com\/?page_id=11343"},"modified":"2021-11-22T02:45:09","modified_gmt":"2021-11-22T01:45:09","slug":"support","status":"publish","type":"page","link":"https:\/\/www.bridge4mobility.com\/de\/support\/","title":{"rendered":"Support"},"content":{"rendered":"[vc_row][vc_column alignment=&#8221;center&#8221; css=&#8221;.vc_custom_1637303941796{margin-top: 30px !important;}&#8221;][vc_single_image image=&#8221;7837&#8243; img_size=&#8221;medium&#8221; alignment=&#8221;center&#8221;][\/vc_column][\/vc_row][vc_row css=&#8221;.vc_custom_1637303493420{background-color: #fafafa !important;}&#8221;][vc_column width=&#8221;1\/6&#8243;][\/vc_column][vc_column width=&#8221;2\/3&#8243;][vc_custom_heading text=&#8221;Supportbereich&#8221; font_container=&#8221;tag:h1|font_size:28px|text_align:center|color:%23a5c34d&#8221; use_theme_fonts=&#8221;yes&#8221;][vc_empty_space][vc_column_text]<span style=\"font-family: helvetica, arial, sans-serif; font-size: 14pt;\">Unser Kundensupport unterst\u00fctzt Sie jederzeit bei Fragen und Vorf\u00e4llen. Um Vorf\u00e4lle zu l\u00f6sen oder Fragen zu kl\u00e4ren, k\u00f6nnen Sie im Supportbereich ein Ticket erstellen.<\/span>[\/vc_column_text][vc_message style=&#8221;square&#8221; icon_fontawesome=&#8221;fa fa-user-circle-o&#8221; css=&#8221;.vc_custom_1637481483546{margin-top: -15px !important;}&#8221;]\n<p style=\"font-family: helvetica, arial, sans-serif; font-size: 14pt;\">Bitte melden Sie sich mit den Zugangsdaten ihres Benutzerkontos bei\u00a0Bridge4Mobility an, um Ihre Tickets erstellen und verwalten zu k\u00f6nnen.<\/p>\n[\/vc_message][\/vc_column][vc_column width=&#8221;1\/6&#8243;][\/vc_column][\/vc_row][vc_row css=&#8221;.vc_custom_1637303525817{background-color: #fafafa !important;}&#8221;][vc_column width=&#8221;1\/12&#8243;][\/vc_column][vc_column width=&#8221;5\/6&#8243; alignment=&#8221;left&#8221; css=&#8221;.vc_custom_1637303613465{padding-top: 50px !important;padding-bottom: 50px !important;background-color: #fafafa !important;}&#8221;][vc_column_text]<div id=\"sb-tickets\"><\/div>[\/vc_column_text][vc_raw_html]JTNDc3R5bGUlMjB0eXBlJTNEJTIydGV4dCUyRmNzcyUyMiUzRSUwQS5zYi1idG4tdGV4dC5zYi1yZWdpc3RyYXRpb24tYXJlYSUyMCU3QiUyMGRpc3BsYXklM0ElMjBub25lJTNCJTIwJTdEJTBBJTNDJTJGc3R5bGUlM0U=[\/vc_raw_html][\/vc_column][vc_column width=&#8221;1\/12&#8243;][\/vc_column][\/vc_row][vc_row full_width=&#8221;stretch_row&#8221; css=&#8221;.vc_custom_1637493491273{background-color: #fafafa !important;}&#8221;][vc_column alignment=&#8221;center&#8221;][vc_column_text]<a href=\"\/datenschutzrichtlinien\/\" target=\"_blank\" rel=\"noopener\">Impressum &#038; Datenschutz<\/a> | <a href=\"\/cookie-richtlinien\/\" target=\"_blank\" rel=\"noopener\">Cookie-Richtlinien<\/a>[\/vc_column_text][\/vc_column][\/vc_row]\n","protected":false},"excerpt":{"rendered":"<p>[vc_row][vc_column alignment=&#8221;center&#8221; css=&#8221;.vc_custom_1637303941796{margin-top: 30px !important;}&#8221;][vc_single_image image=&#8221;7837&#8243; img_size=&#8221;medium&#8221; alignment=&#8221;center&#8221;][\/vc_column][\/vc_row][vc_row css=&#8221;.vc_custom_1637303493420{background-color: #fafafa !important;}&#8221;][vc_column width=&#8221;1\/6&#8243;][\/vc_column][vc_column width=&#8221;2\/3&#8243;][vc_custom_heading text=&#8221;Supportbereich&#8221; font_container=&#8221;tag:h1|font_size:28px|text_align:center|color:%23a5c34d&#8221; use_theme_fonts=&#8221;yes&#8221;][vc_empty_space][vc_column_text]Unser Kundensupport unterst\u00fctzt Sie jederzeit bei Fragen und Vorf\u00e4llen. Um Vorf\u00e4lle zu l\u00f6sen oder Fragen zu kl\u00e4ren, k\u00f6nnen Sie im Supportbereich ein Ticket erstellen.[\/vc_column_text][vc_message style=&#8221;square&#8221; icon_fontawesome=&#8221;fa fa-user-circle-o&#8221; css=&#8221;.vc_custom_1637481483546{margin-top: -15px !important;}&#8221;] Bitte melden Sie sich mit den Zugangsdaten ihres Benutzerkontos bei\u00a0Bridge4Mobility<\/p>\n","protected":false},"author":1,"featured_media":0,"parent":0,"menu_order":0,"comment_status":"closed","ping_status":"closed","template":"tpl_b4m_blank_v2.php","meta":[],"yoast_head":"<!-- This site is optimized with the Yoast SEO plugin v19.13 - https:\/\/yoast.com\/wordpress\/plugins\/seo\/ -->\n<title>Support - Bridge4Mobility<\/title>\n<meta name=\"robots\" content=\"index, follow, max-snippet:-1, max-image-preview:large, max-video-preview:-1\" \/>\n<link rel=\"canonical\" href=\"https:\/\/www.bridge4mobility.com\/de\/support\/\" \/>\n<meta property=\"og:locale\" content=\"de_DE\" \/>\n<meta property=\"og:type\" content=\"article\" \/>\n<meta property=\"og:title\" content=\"Support - Bridge4Mobility\" \/>\n<meta property=\"og:description\" content=\"[vc_row][vc_column alignment=&#8221;center&#8221; css=&#8221;.vc_custom_1637303941796{margin-top: 30px !important;}&#8221;][vc_single_image image=&#8221;7837&#8243; img_size=&#8221;medium&#8221; alignment=&#8221;center&#8221;][\/vc_column][\/vc_row][vc_row css=&#8221;.vc_custom_1637303493420{background-color: #fafafa !important;}&#8221;][vc_column width=&#8221;1\/6&#8243;][\/vc_column][vc_column width=&#8221;2\/3&#8243;][vc_custom_heading text=&#8221;Supportbereich&#8221; font_container=&#8221;tag:h1|font_size:28px|text_align:center|color:%23a5c34d&#8221; use_theme_fonts=&#8221;yes&#8221;][vc_empty_space][vc_column_text]Unser Kundensupport unterst\u00fctzt Sie jederzeit bei Fragen und Vorf\u00e4llen. Um Vorf\u00e4lle zu l\u00f6sen oder Fragen zu kl\u00e4ren, k\u00f6nnen Sie im Supportbereich ein Ticket erstellen.[\/vc_column_text][vc_message style=&#8221;square&#8221; icon_fontawesome=&#8221;fa fa-user-circle-o&#8221; css=&#8221;.vc_custom_1637481483546{margin-top: -15px !important;}&#8221;] Bitte melden Sie sich mit den Zugangsdaten ihres Benutzerkontos bei\u00a0Bridge4Mobility\" \/>\n<meta property=\"og:url\" content=\"https:\/\/www.bridge4mobility.com\/de\/support\/\" \/>\n<meta property=\"og:site_name\" content=\"Bridge4Mobility\" \/>\n<meta property=\"article:modified_time\" content=\"2021-11-22T01:45:09+00:00\" \/>\n<meta name=\"twitter:label1\" content=\"Gesch\u00e4tzte Lesezeit\" \/>\n\t<meta name=\"twitter:data1\" content=\"1 Minute\" \/>\n<script type=\"application\/ld+json\" class=\"yoast-schema-graph\">{\"@context\":\"https:\/\/schema.org\",\"@graph\":[{\"@type\":\"WebPage\",\"@id\":\"https:\/\/www.bridge4mobility.com\/de\/support\/\",\"url\":\"https:\/\/www.bridge4mobility.com\/de\/support\/\",\"name\":\"Support - Bridge4Mobility\",\"isPartOf\":{\"@id\":\"https:\/\/www.bridge4mobility.com\/de\/#website\"},\"datePublished\":\"2021-11-21T11:24:02+00:00\",\"dateModified\":\"2021-11-22T01:45:09+00:00\",\"breadcrumb\":{\"@id\":\"https:\/\/www.bridge4mobility.com\/de\/support\/#breadcrumb\"},\"inLanguage\":\"de-DE\",\"potentialAction\":[{\"@type\":\"ReadAction\",\"target\":[\"https:\/\/www.bridge4mobility.com\/de\/support\/\"]}]},{\"@type\":\"BreadcrumbList\",\"@id\":\"https:\/\/www.bridge4mobility.com\/de\/support\/#breadcrumb\",\"itemListElement\":[{\"@type\":\"ListItem\",\"position\":1,\"name\":\"Home\",\"item\":\"https:\/\/www.bridge4mobility.com\/de\/\"},{\"@type\":\"ListItem\",\"position\":2,\"name\":\"Support\"}]},{\"@type\":\"WebSite\",\"@id\":\"https:\/\/www.bridge4mobility.com\/de\/#website\",\"url\":\"https:\/\/www.bridge4mobility.com\/de\/\",\"name\":\"Bridge4Mobility\",\"description\":\"Qualifizierte Fachkr\u00e4fte aus Spanien\",\"potentialAction\":[{\"@type\":\"SearchAction\",\"target\":{\"@type\":\"EntryPoint\",\"urlTemplate\":\"https:\/\/www.bridge4mobility.com\/de\/?s={search_term_string}\"},\"query-input\":\"required name=search_term_string\"}],\"inLanguage\":\"de-DE\"}]}<\/script>\n<!-- \/ Yoast SEO plugin. -->","yoast_head_json":{"title":"Support - Bridge4Mobility","robots":{"index":"index","follow":"follow","max-snippet":"max-snippet:-1","max-image-preview":"max-image-preview:large","max-video-preview":"max-video-preview:-1"},"canonical":"https:\/\/www.bridge4mobility.com\/de\/support\/","og_locale":"de_DE","og_type":"article","og_title":"Support - Bridge4Mobility","og_description":"[vc_row][vc_column alignment=&#8221;center&#8221; css=&#8221;.vc_custom_1637303941796{margin-top: 30px !important;}&#8221;][vc_single_image image=&#8221;7837&#8243; img_size=&#8221;medium&#8221; alignment=&#8221;center&#8221;][\/vc_column][\/vc_row][vc_row css=&#8221;.vc_custom_1637303493420{background-color: #fafafa !important;}&#8221;][vc_column width=&#8221;1\/6&#8243;][\/vc_column][vc_column width=&#8221;2\/3&#8243;][vc_custom_heading text=&#8221;Supportbereich&#8221; font_container=&#8221;tag:h1|font_size:28px|text_align:center|color:%23a5c34d&#8221; use_theme_fonts=&#8221;yes&#8221;][vc_empty_space][vc_column_text]Unser Kundensupport unterst\u00fctzt Sie jederzeit bei Fragen und Vorf\u00e4llen. Um Vorf\u00e4lle zu l\u00f6sen oder Fragen zu kl\u00e4ren, k\u00f6nnen Sie im Supportbereich ein Ticket erstellen.[\/vc_column_text][vc_message style=&#8221;square&#8221; icon_fontawesome=&#8221;fa fa-user-circle-o&#8221; css=&#8221;.vc_custom_1637481483546{margin-top: -15px !important;}&#8221;] Bitte melden Sie sich mit den Zugangsdaten ihres Benutzerkontos bei\u00a0Bridge4Mobility","og_url":"https:\/\/www.bridge4mobility.com\/de\/support\/","og_site_name":"Bridge4Mobility","article_modified_time":"2021-11-22T01:45:09+00:00","twitter_misc":{"Gesch\u00e4tzte Lesezeit":"1 Minute"},"schema":{"@context":"https:\/\/schema.org","@graph":[{"@type":"WebPage","@id":"https:\/\/www.bridge4mobility.com\/de\/support\/","url":"https:\/\/www.bridge4mobility.com\/de\/support\/","name":"Support - Bridge4Mobility","isPartOf":{"@id":"https:\/\/www.bridge4mobility.com\/de\/#website"},"datePublished":"2021-11-21T11:24:02+00:00","dateModified":"2021-11-22T01:45:09+00:00","breadcrumb":{"@id":"https:\/\/www.bridge4mobility.com\/de\/support\/#breadcrumb"},"inLanguage":"de-DE","potentialAction":[{"@type":"ReadAction","target":["https:\/\/www.bridge4mobility.com\/de\/support\/"]}]},{"@type":"BreadcrumbList","@id":"https:\/\/www.bridge4mobility.com\/de\/support\/#breadcrumb","itemListElement":[{"@type":"ListItem","position":1,"name":"Home","item":"https:\/\/www.bridge4mobility.com\/de\/"},{"@type":"ListItem","position":2,"name":"Support"}]},{"@type":"WebSite","@id":"https:\/\/www.bridge4mobility.com\/de\/#website","url":"https:\/\/www.bridge4mobility.com\/de\/","name":"Bridge4Mobility","description":"Qualifizierte Fachkr\u00e4fte aus Spanien","potentialAction":[{"@type":"SearchAction","target":{"@type":"EntryPoint","urlTemplate":"https:\/\/www.bridge4mobility.com\/de\/?s={search_term_string}"},"query-input":"required name=search_term_string"}],"inLanguage":"de-DE"}]}},"_links":{"self":[{"href":"https:\/\/www.bridge4mobility.com\/de\/wp-json\/wp\/v2\/pages\/11343"}],"collection":[{"href":"https:\/\/www.bridge4mobility.com\/de\/wp-json\/wp\/v2\/pages"}],"about":[{"href":"https:\/\/www.bridge4mobility.com\/de\/wp-json\/wp\/v2\/types\/page"}],"author":[{"embeddable":true,"href":"https:\/\/www.bridge4mobility.com\/de\/wp-json\/wp\/v2\/users\/1"}],"replies":[{"embeddable":true,"href":"https:\/\/www.bridge4mobility.com\/de\/wp-json\/wp\/v2\/comments?post=11343"}],"version-history":[{"count":3,"href":"https:\/\/www.bridge4mobility.com\/de\/wp-json\/wp\/v2\/pages\/11343\/revisions"}],"predecessor-version":[{"id":11350,"href":"https:\/\/www.bridge4mobility.com\/de\/wp-json\/wp\/v2\/pages\/11343\/revisions\/11350"}],"wp:attachment":[{"href":"https:\/\/www.bridge4mobility.com\/de\/wp-json\/wp\/v2\/media?parent=11343"}],"curies":[{"name":"wp","href":"https:\/\/api.w.org\/{rel}","templated":true}]}}